{"id":1158,"date":"2016-05-09T15:04:16","date_gmt":"2016-05-09T14:04:16","guid":{"rendered":"https:\/\/www.ag-tec.be\/fr\/?page_id=1158"},"modified":"2017-11-08T15:34:10","modified_gmt":"2017-11-08T13:34:10","slug":"news","status":"publish","type":"page","link":"https:\/\/www.ag-tec.be\/fr\/news\/","title":{"rendered":"November day"},"content":{"rendered":"<div class='flex_column_table av-av_one_fifth-2d7175c36889f14058658526d4244e0d sc-av_one_fifth av-equal-height-column-flextable'>\n<style type=\"text\/css\" data-created_by=\"avia_inline_auto\" id=\"style-css-av-av_one_fifth-2d7175c36889f14058658526d4244e0d\">\n.flex_column.av-av_one_fifth-2d7175c36889f14058658526d4244e0d{\nborder-radius:0px 0px 0px 0px;\npadding:15px 15px 15px 15px;\nbackground-color:#c9c9c9;\n}\n<\/style>\n<div  class='flex_column av-av_one_fifth-2d7175c36889f14058658526d4244e0d av_one_fifth  avia-builder-el-0  el_before_av_four_fifth  avia-builder-el-first  first no_margin flex_column_table_cell av-equal-height-column av-align-top  '     ><section  class='av_textblock_section av-av_textblock-2bd894dbf2e4bf2c4acf98ce4fbf94aa '   itemscope=\"itemscope\" itemtype=\"https:\/\/schema.org\/CreativeWork\" ><div class='avia_textblock'  itemprop=\"text\" ><h3>CLAAS November Day<\/h3>\n<h3><\/h3>\n<div>\n<div>\n<p>Voici nos prochaines pr\u00e9visions : l&rsquo;automne 2017 sera chaud.<\/p>\n<p>Du 12 au 18\u00a0novembre, d\u00e9couvrez toutes nos nouveaut\u00e9s en direct au Salon Agritechnica de Hanovre et, bien s\u00fbr, ici-m\u00eame, sur Internet.<\/p>\n<\/div>\n<\/div>\n<\/div><\/section><\/div>\n<style type=\"text\/css\" data-created_by=\"avia_inline_auto\" id=\"style-css-av-av_four_fifth-c8fc129dc35fd1ae2a1e410224d39ea8\">\n.flex_column.av-av_four_fifth-c8fc129dc35fd1ae2a1e410224d39ea8{\nborder-radius:0px 0px 0px 0px;\npadding:0px 0px 0px 0px;\n}\n<\/style>\n<div  class='flex_column av-av_four_fifth-c8fc129dc35fd1ae2a1e410224d39ea8 av_four_fifth  avia-builder-el-2  el_after_av_one_fifth  el_before_av_hr  no_margin flex_column_table_cell av-equal-height-column av-align-top av-zero-column-padding  '     ><style type=\"text\/css\" data-created_by=\"avia_inline_auto\" id=\"style-css-av-av_image-91bf2ce6eb9c4b0ca39d3d4dc501f856\">\n.avia-image-container.av-av_image-91bf2ce6eb9c4b0ca39d3d4dc501f856 img.avia_image{\nbox-shadow:none;\n}\n.avia-image-container.av-av_image-91bf2ce6eb9c4b0ca39d3d4dc501f856 .av-image-caption-overlay-center{\ncolor:#ffffff;\n}\n<\/style>\n<div  class='avia-image-container av-av_image-91bf2ce6eb9c4b0ca39d3d4dc501f856 av-styling-no-styling avia-align-center  avia-builder-el-3  avia-builder-el-no-sibling '   itemprop=\"image\" itemscope=\"itemscope\" itemtype=\"https:\/\/schema.org\/ImageObject\" ><div class=\"avia-image-container-inner\"><div class=\"avia-image-overlay-wrap\"><img decoding=\"async\" fetchpriority=\"high\" class='wp-image-13773 avia-img-lazy-loading-not-13773 avia_image ' src=\"https:\/\/www.ag-tec.be\/wp-content\/uploads\/2017\/11\/start-1-stage-claasnovemberday.jpg\" alt='' title='start-1-stage-claasnovemberday'  height=\"460\" width=\"1100\"  itemprop=\"thumbnailUrl\" srcset=\"https:\/\/www.ag-tec.be\/wp-content\/uploads\/2017\/11\/start-1-stage-claasnovemberday.jpg 1100w, https:\/\/www.ag-tec.be\/wp-content\/uploads\/2017\/11\/start-1-stage-claasnovemberday-300x125.jpg 300w, https:\/\/www.ag-tec.be\/wp-content\/uploads\/2017\/11\/start-1-stage-claasnovemberday-768x321.jpg 768w, https:\/\/www.ag-tec.be\/wp-content\/uploads\/2017\/11\/start-1-stage-claasnovemberday-1030x431.jpg 1030w, https:\/\/www.ag-tec.be\/wp-content\/uploads\/2017\/11\/start-1-stage-claasnovemberday-705x295.jpg 705w\" sizes=\"(max-width: 1100px) 100vw, 1100px\" \/><\/div><\/div><\/div><\/div><\/div><!--close column table wrapper. Autoclose: 1 --><\/p>\n\n<style type=\"text\/css\" data-created_by=\"avia_inline_auto\" id=\"style-css-av-av_hr-0645478af54715b75905f78d46849be0\">\n#top .hr.hr-invisible.av-av_hr-0645478af54715b75905f78d46849be0{\nheight:50px;\n}\n<\/style>\n<div  class='hr av-av_hr-0645478af54715b75905f78d46849be0 hr-invisible  avia-builder-el-4  el_after_av_four_fifth  el_before_av_two_fifth '><span class='hr-inner '><span class=\"hr-inner-style\"><\/span><\/span><\/div>\n\n<style type=\"text\/css\" data-created_by=\"avia_inline_auto\" id=\"style-css-av-av_two_fifth-15d750bd1b332b34c6e70b077ebbccdf\">\n.flex_column.av-av_two_fifth-15d750bd1b332b34c6e70b077ebbccdf{\nborder-radius:0px 0px 0px 0px;\npadding:0px 0px 0px 0px;\n}\n<\/style>\n<div  class='flex_column av-av_two_fifth-15d750bd1b332b34c6e70b077ebbccdf av_two_fifth  avia-builder-el-5  el_after_av_hr  el_before_av_two_fifth  first flex_column_div av-zero-column-padding  '     ><section  class='av_textblock_section av-av_textblock-2bd894dbf2e4bf2c4acf98ce4fbf94aa '   itemscope=\"itemscope\" itemtype=\"https:\/\/schema.org\/CreativeWork\" ><div class='avia_textblock'  itemprop=\"text\" ><h3>Le compte\u00a0\u00e0 rebours a commenc\u00e9&#8230;<\/h3>\n<p>En attendant le jour J, nous faisons\u00a0mont\u00e9 la temp\u00e9rature chaque mercredi.<\/p>\n<\/div><\/section><\/div>\n\n<style type=\"text\/css\" data-created_by=\"avia_inline_auto\" id=\"style-css-av-av_two_fifth-c8fc129dc35fd1ae2a1e410224d39ea8\">\n.flex_column.av-av_two_fifth-c8fc129dc35fd1ae2a1e410224d39ea8{\nborder-radius:0px 0px 0px 0px;\npadding:0px 0px 0px 0px;\n}\n<\/style>\n<div  class='flex_column av-av_two_fifth-c8fc129dc35fd1ae2a1e410224d39ea8 av_two_fifth  avia-builder-el-7  el_after_av_two_fifth  el_before_av_four_fifth  flex_column_div av-zero-column-padding  '     ><div  class='av-countdown-timer av-av_countdown-2912fdcf5d05f88423ce0aabd4dc5368 av-align-center av-colored-style av-classic-numbers  avia-builder-el-8  avia-builder-el-no-sibling '  data-year=' 2017' data-month='10' data-day=' 12 ' data-hour='10' data-minute='0' data-timezone='120' data-interval='1000' data-maximum='4' ><span class='av-countdown-timer-inner'><span class='av-countdown-cell av-countdown-days'><span class='av-countdown-cell-inner'><span class='av-countdown-time' data-upate-width='days'>0<\/span><span class='av-countdown-time-label' data-label='Jour' data-label-multi='Jours'>Jours<\/span><\/span><\/span><span class='av-countdown-cell av-countdown-hours'><span class='av-countdown-cell-inner'><span class='av-countdown-time' data-upate-width='hours'>0<\/span><span class='av-countdown-time-label' data-label='Heure' data-label-multi='Heures'>Heures<\/span><\/span><\/span><span class='av-countdown-cell av-countdown-minutes'><span class='av-countdown-cell-inner'><span class='av-countdown-time' data-upate-width='minutes'>0<\/span><span class='av-countdown-time-label' data-label='Minute' data-label-multi='Minutes'>Minutes<\/span><\/span><\/span><span class='av-countdown-cell av-countdown-seconds'><span class='av-countdown-cell-inner'><span class='av-countdown-time' data-upate-width='seconds'>0<\/span><span class='av-countdown-time-label' data-label='Second(e)' data-label-multi='Secondes'>Secondes<\/span><\/span><\/span><\/span><\/div><\/div>\n\n<style type=\"text\/css\" data-created_by=\"avia_inline_auto\" id=\"style-css-av-av_four_fifth-15d750bd1b332b34c6e70b077ebbccdf\">\n.flex_column.av-av_four_fifth-15d750bd1b332b34c6e70b077ebbccdf{\nborder-radius:0px 0px 0px 0px;\npadding:0px 0px 0px 0px;\n}\n<\/style>\n<div  class='flex_column av-av_four_fifth-15d750bd1b332b34c6e70b077ebbccdf av_four_fifth  avia-builder-el-9  el_after_av_two_fifth  avia-builder-el-last  first flex_column_div av-zero-column-padding  '     ><\/div>\n","protected":false},"excerpt":{"rendered":"","protected":false},"author":23,"featured_media":0,"parent":0,"menu_order":70,"comment_status":"closed","ping_status":"closed","template":"","meta":{"_acf_changed":false,"footnotes":""},"class_list":["post-1158","page","type-page","status-publish","hentry"],"acf":[],"yoast_head":"<!-- This site is optimized with the Yoast SEO plugin v27.2 - https:\/\/yoast.com\/product\/yoast-seo-wordpress\/ -->\n<title>November day &#8212; AG-TEC<\/title>\n<meta name=\"robots\" content=\"index, follow, max-snippet:-1, max-image-preview:large, max-video-preview:-1\" \/>\n<link rel=\"canonical\" href=\"https:\/\/www.ag-tec.be\/fr\/news\/\" \/>\n<meta property=\"og:locale\" content=\"fr_FR\" \/>\n<meta property=\"og:type\" content=\"article\" \/>\n<meta property=\"og:title\" content=\"November day &#8212; AG-TEC\" \/>\n<meta property=\"og:url\" content=\"https:\/\/www.ag-tec.be\/fr\/news\/\" \/>\n<meta property=\"og:site_name\" content=\"AG-TEC\" \/>\n<meta property=\"article:modified_time\" content=\"2017-11-08T13:34:10+00:00\" \/>\n<meta name=\"twitter:card\" content=\"summary_large_image\" \/>\n<meta name=\"twitter:label1\" content=\"Dur\u00e9e de lecture estim\u00e9e\" \/>\n\t<meta name=\"twitter:data1\" content=\"3 minutes\" \/>\n<script type=\"application\/ld+json\" class=\"yoast-schema-graph\">{\"@context\":\"https:\/\/schema.org\",\"@graph\":[{\"@type\":\"WebPage\",\"@id\":\"https:\/\/www.ag-tec.be\/fr\/news\/\",\"url\":\"https:\/\/www.ag-tec.be\/fr\/news\/\",\"name\":\"November day &#8212; AG-TEC\",\"isPartOf\":{\"@id\":\"https:\/\/www.ag-tec.be\/fr\/#website\"},\"datePublished\":\"2016-05-09T14:04:16+00:00\",\"dateModified\":\"2017-11-08T13:34:10+00:00\",\"breadcrumb\":{\"@id\":\"https:\/\/www.ag-tec.be\/fr\/news\/#breadcrumb\"},\"inLanguage\":\"fr-FR\",\"potentialAction\":[{\"@type\":\"ReadAction\",\"target\":[\"https:\/\/www.ag-tec.be\/fr\/news\/\"]}]},{\"@type\":\"BreadcrumbList\",\"@id\":\"https:\/\/www.ag-tec.be\/fr\/news\/#breadcrumb\",\"itemListElement\":[{\"@type\":\"ListItem\",\"position\":1,\"name\":\"Home\",\"item\":\"https:\/\/www.ag-tec.be\/fr\/\"},{\"@type\":\"ListItem\",\"position\":2,\"name\":\"November day\"}]},{\"@type\":\"WebSite\",\"@id\":\"https:\/\/www.ag-tec.be\/fr\/#website\",\"url\":\"https:\/\/www.ag-tec.be\/fr\/\",\"name\":\"AG-TEC\",\"description\":\"CLAAS Belgium\",\"publisher\":{\"@id\":\"https:\/\/www.ag-tec.be\/fr\/#organization\"},\"potentialAction\":[{\"@type\":\"SearchAction\",\"target\":{\"@type\":\"EntryPoint\",\"urlTemplate\":\"https:\/\/www.ag-tec.be\/fr\/?s={search_term_string}\"},\"query-input\":{\"@type\":\"PropertyValueSpecification\",\"valueRequired\":true,\"valueName\":\"search_term_string\"}}],\"inLanguage\":\"fr-FR\"},{\"@type\":\"Organization\",\"@id\":\"https:\/\/www.ag-tec.be\/fr\/#organization\",\"name\":\"AG-TEC\",\"url\":\"https:\/\/www.ag-tec.be\/fr\/\",\"logo\":{\"@type\":\"ImageObject\",\"inLanguage\":\"fr-FR\",\"@id\":\"https:\/\/www.ag-tec.be\/fr\/#\/schema\/logo\/image\/\",\"url\":\"https:\/\/www.ag-tec.be\/wp-content\/uploads\/2017\/06\/AG-TEC-Logo-340p-e1497941604776.jpg\",\"contentUrl\":\"https:\/\/www.ag-tec.be\/wp-content\/uploads\/2017\/06\/AG-TEC-Logo-340p-e1497941604776.jpg\",\"width\":200,\"height\":55,\"caption\":\"AG-TEC\"},\"image\":{\"@id\":\"https:\/\/www.ag-tec.be\/fr\/#\/schema\/logo\/image\/\"}}]}<\/script>\n<!-- \/ Yoast SEO plugin. -->","yoast_head_json":{"title":"November day &#8212; AG-TEC","robots":{"index":"index","follow":"follow","max-snippet":"max-snippet:-1","max-image-preview":"max-image-preview:large","max-video-preview":"max-video-preview:-1"},"canonical":"https:\/\/www.ag-tec.be\/fr\/news\/","og_locale":"fr_FR","og_type":"article","og_title":"November day &#8212; AG-TEC","og_url":"https:\/\/www.ag-tec.be\/fr\/news\/","og_site_name":"AG-TEC","article_modified_time":"2017-11-08T13:34:10+00:00","twitter_card":"summary_large_image","twitter_misc":{"Dur\u00e9e de lecture estim\u00e9e":"3 minutes"},"schema":{"@context":"https:\/\/schema.org","@graph":[{"@type":"WebPage","@id":"https:\/\/www.ag-tec.be\/fr\/news\/","url":"https:\/\/www.ag-tec.be\/fr\/news\/","name":"November day &#8212; AG-TEC","isPartOf":{"@id":"https:\/\/www.ag-tec.be\/fr\/#website"},"datePublished":"2016-05-09T14:04:16+00:00","dateModified":"2017-11-08T13:34:10+00:00","breadcrumb":{"@id":"https:\/\/www.ag-tec.be\/fr\/news\/#breadcrumb"},"inLanguage":"fr-FR","potentialAction":[{"@type":"ReadAction","target":["https:\/\/www.ag-tec.be\/fr\/news\/"]}]},{"@type":"BreadcrumbList","@id":"https:\/\/www.ag-tec.be\/fr\/news\/#breadcrumb","itemListElement":[{"@type":"ListItem","position":1,"name":"Home","item":"https:\/\/www.ag-tec.be\/fr\/"},{"@type":"ListItem","position":2,"name":"November day"}]},{"@type":"WebSite","@id":"https:\/\/www.ag-tec.be\/fr\/#website","url":"https:\/\/www.ag-tec.be\/fr\/","name":"AG-TEC","description":"CLAAS Belgium","publisher":{"@id":"https:\/\/www.ag-tec.be\/fr\/#organization"},"potentialAction":[{"@type":"SearchAction","target":{"@type":"EntryPoint","urlTemplate":"https:\/\/www.ag-tec.be\/fr\/?s={search_term_string}"},"query-input":{"@type":"PropertyValueSpecification","valueRequired":true,"valueName":"search_term_string"}}],"inLanguage":"fr-FR"},{"@type":"Organization","@id":"https:\/\/www.ag-tec.be\/fr\/#organization","name":"AG-TEC","url":"https:\/\/www.ag-tec.be\/fr\/","logo":{"@type":"ImageObject","inLanguage":"fr-FR","@id":"https:\/\/www.ag-tec.be\/fr\/#\/schema\/logo\/image\/","url":"https:\/\/www.ag-tec.be\/wp-content\/uploads\/2017\/06\/AG-TEC-Logo-340p-e1497941604776.jpg","contentUrl":"https:\/\/www.ag-tec.be\/wp-content\/uploads\/2017\/06\/AG-TEC-Logo-340p-e1497941604776.jpg","width":200,"height":55,"caption":"AG-TEC"},"image":{"@id":"https:\/\/www.ag-tec.be\/fr\/#\/schema\/logo\/image\/"}}]}},"_links":{"self":[{"href":"https:\/\/www.ag-tec.be\/fr\/wp-json\/wp\/v2\/pages\/1158","targetHints":{"allow":["GET"]}}],"collection":[{"href":"https:\/\/www.ag-tec.be\/fr\/wp-json\/wp\/v2\/pages"}],"about":[{"href":"https:\/\/www.ag-tec.be\/fr\/wp-json\/wp\/v2\/types\/page"}],"author":[{"embeddable":true,"href":"https:\/\/www.ag-tec.be\/fr\/wp-json\/wp\/v2\/users\/23"}],"replies":[{"embeddable":true,"href":"https:\/\/www.ag-tec.be\/fr\/wp-json\/wp\/v2\/comments?post=1158"}],"version-history":[{"count":0,"href":"https:\/\/www.ag-tec.be\/fr\/wp-json\/wp\/v2\/pages\/1158\/revisions"}],"wp:attachment":[{"href":"https:\/\/www.ag-tec.be\/fr\/wp-json\/wp\/v2\/media?parent=1158"}],"curies":[{"name":"wp","href":"https:\/\/api.w.org\/{rel}","templated":true}]}}