{"id":13409,"date":"2017-07-13T13:34:20","date_gmt":"2017-07-13T11:34:20","guid":{"rendered":"https:\/\/www.ag-tec.be\/?page_id=13409\/"},"modified":"2021-04-09T09:06:20","modified_gmt":"2021-04-09T07:06:20","slug":"financement-leasing","status":"publish","type":"page","link":"https:\/\/www.ag-tec.be\/fr\/services\/financement-leasing\/","title":{"rendered":"Financement &#038; Leasing"},"content":{"rendered":"\n<style type=\"text\/css\" data-created_by=\"avia_inline_auto\" id=\"style-css-av-q6hgyp-88ef8d541d84d5ea43051020b6d3ac47\">\n.flex_column.av-q6hgyp-88ef8d541d84d5ea43051020b6d3ac47{\nborder-radius:0px 0px 0px 0px;\npadding:0px 0px 0px 0px;\n}\n<\/style>\n<div  class='flex_column av-q6hgyp-88ef8d541d84d5ea43051020b6d3ac47 av_one_full  avia-builder-el-0  el_before_av_hr  avia-builder-el-first  first flex_column_div av-zero-column-padding  '     ><style type=\"text\/css\" data-created_by=\"avia_inline_auto\" id=\"style-css-av-kn8s9nm4-fe8dab67b4459ca0805288db24e5d105\">\n.avia-image-container.av-kn8s9nm4-fe8dab67b4459ca0805288db24e5d105 img.avia_image{\nbox-shadow:none;\n}\n.avia-image-container.av-kn8s9nm4-fe8dab67b4459ca0805288db24e5d105 .av-image-caption-overlay-center{\ncolor:#ffffff;\n}\n<\/style>\n<div  class='avia-image-container av-kn8s9nm4-fe8dab67b4459ca0805288db24e5d105 av-styling- avia-align-left  avia-builder-el-1  avia-builder-el-no-sibling '   itemprop=\"image\" itemscope=\"itemscope\" itemtype=\"https:\/\/schema.org\/ImageObject\" ><div class=\"avia-image-container-inner\"><div class=\"avia-image-overlay-wrap\"><img decoding=\"async\" fetchpriority=\"high\" class='wp-image-15365 avia-img-lazy-loading-not-15365 avia_image ' src=\"https:\/\/www.ag-tec.be\/wp-content\/uploads\/2021\/04\/CFS-Logo-jpeg-1-300x110.png\" alt='' title='CFS Logo jpeg'  height=\"110\" width=\"300\"  itemprop=\"thumbnailUrl\" srcset=\"https:\/\/www.ag-tec.be\/wp-content\/uploads\/2021\/04\/CFS-Logo-jpeg-1-300x110.png 300w, https:\/\/www.ag-tec.be\/wp-content\/uploads\/2021\/04\/CFS-Logo-jpeg-1-768x280.png 768w, https:\/\/www.ag-tec.be\/wp-content\/uploads\/2021\/04\/CFS-Logo-jpeg-1-1030x376.png 1030w, https:\/\/www.ag-tec.be\/wp-content\/uploads\/2021\/04\/CFS-Logo-jpeg-1-1500x548.png 1500w, https:\/\/www.ag-tec.be\/wp-content\/uploads\/2021\/04\/CFS-Logo-jpeg-1-705x257.png 705w, https:\/\/www.ag-tec.be\/wp-content\/uploads\/2021\/04\/CFS-Logo-jpeg-1.png 1652w\" sizes=\"(max-width: 300px) 100vw, 300px\" \/><\/div><\/div><\/div><\/div>\n<style type=\"text\/css\" data-created_by=\"avia_inline_auto\" id=\"style-css-av-42ln55t-b07878c8db9463b70aac537b394bc8bf\">\n#top .hr.hr-invisible.av-42ln55t-b07878c8db9463b70aac537b394bc8bf{\nheight:50px;\n}\n<\/style>\n<div  class='hr av-42ln55t-b07878c8db9463b70aac537b394bc8bf hr-invisible  avia-builder-el-2  el_after_av_one_full  el_before_av_two_third '><span class='hr-inner '><span class=\"hr-inner-style\"><\/span><\/span><\/div><\/p>\n\n<style type=\"text\/css\" data-created_by=\"avia_inline_auto\" id=\"style-css-av-8c9dsyp-6ab2d4a1254ac71a0841265e4019857a\">\n.flex_column.av-8c9dsyp-6ab2d4a1254ac71a0841265e4019857a{\nborder-radius:0px 0px 0px 0px;\npadding:0px 0px 0px 0px;\n}\n<\/style>\n<div  class='flex_column av-8c9dsyp-6ab2d4a1254ac71a0841265e4019857a av_two_third  avia-builder-el-3  el_after_av_hr  el_before_av_one_third  first flex_column_div av-zero-column-padding  '     ><section  class='av_textblock_section av-813g2gx-dfb4641fbf9abc9505d04adce05cb384 '   itemscope=\"itemscope\" itemtype=\"https:\/\/schema.org\/CreativeWork\" ><div class='avia_textblock'  itemprop=\"text\" ><p>CLAAS Financial Services est la branche financi\u00e8re de CLAAS et a \u00e9t\u00e9 cr\u00e9\u00e9e pour fournir aux clients CLAAS du monde entier les produits financiers les plus appropri\u00e9s \u00e0 leurs besoins individuels.<\/p>\n<p>Gr\u00e2ce au r\u00e9seau de concessionnaires CLAAS, nous vous proposons des solutions pratiques pour vous aider \u00e0 financer vos machines agricoles indispensables \u00e0 votre activit\u00e9.<\/p>\n<p>Par exemple, CLAAS Financial Services est le seul fournisseur \u00e0 proposer un taux d&rsquo;int\u00e9r\u00eat de 0 % sur tous les produits CLAAS.<\/p>\n<p>Quel que soit l&rsquo;\u00e9quipement CLAAS dont votre entreprise a besoin, nous avons une solution de financement qui peut \u00eatre adapt\u00e9e \u00e0 vos besoins exacts.<\/p>\n<p>Vous pouvez choisir entre :<\/p>\n<\/div><\/section><\/div>\n\n<style type=\"text\/css\" data-created_by=\"avia_inline_auto\" id=\"style-css-av-7r0zddt-a94f539c0b294d8bed9cee8fd02ea23f\">\n.flex_column.av-7r0zddt-a94f539c0b294d8bed9cee8fd02ea23f{\nborder-radius:0px 0px 0px 0px;\npadding:0px 0px 0px 0px;\n}\n<\/style>\n<div  class='flex_column av-7r0zddt-a94f539c0b294d8bed9cee8fd02ea23f av_one_third  avia-builder-el-5  el_after_av_two_third  el_before_av_hr  flex_column_div av-zero-column-padding  '     ><style type=\"text\/css\" data-created_by=\"avia_inline_auto\" id=\"style-css-av-6xqkp1d-177d538c08afdb5ad732ca348d5ffd35\">\n.avia-image-container.av-6xqkp1d-177d538c08afdb5ad732ca348d5ffd35 img.avia_image{\nbox-shadow:none;\n}\n.avia-image-container.av-6xqkp1d-177d538c08afdb5ad732ca348d5ffd35 .av-image-caption-overlay-center{\ncolor:#ffffff;\n}\n<\/style>\n<div  class='avia-image-container av-6xqkp1d-177d538c08afdb5ad732ca348d5ffd35 av-styling- avia-align-center  avia-builder-el-6  avia-builder-el-no-sibling '   itemprop=\"image\" itemscope=\"itemscope\" itemtype=\"https:\/\/schema.org\/ImageObject\" ><div class=\"avia-image-container-inner\"><div class=\"avia-image-overlay-wrap\"><img decoding=\"async\" fetchpriority=\"high\" class='wp-image-12993 avia-img-lazy-loading-not-12993 avia_image ' src=\"https:\/\/www.ag-tec.be\/wp-content\/uploads\/2017\/06\/AXION800-300x200.jpg\" alt='' title='AXION800'  height=\"200\" width=\"300\"  itemprop=\"thumbnailUrl\" srcset=\"https:\/\/www.ag-tec.be\/wp-content\/uploads\/2017\/06\/AXION800-300x200.jpg 300w, https:\/\/www.ag-tec.be\/wp-content\/uploads\/2017\/06\/AXION800-768x511.jpg 768w, https:\/\/www.ag-tec.be\/wp-content\/uploads\/2017\/06\/AXION800-705x469.jpg 705w, https:\/\/www.ag-tec.be\/wp-content\/uploads\/2017\/06\/AXION800.jpg 800w\" sizes=\"(max-width: 300px) 100vw, 300px\" \/><\/div><\/div><\/div><\/div>\n<div  class='hr av-ngwiwx-dbde94aca9e1abc68619e3926aac0ebe hr-default  avia-builder-el-7  el_after_av_one_third  el_before_av_two_third '><span class='hr-inner '><span class=\"hr-inner-style\"><\/span><\/span><\/div>\n\n<style type=\"text\/css\" data-created_by=\"avia_inline_auto\" id=\"style-css-av-1rdwcld-fba8cdd7abce9c0d89402294a6a78419\">\n.flex_column.av-1rdwcld-fba8cdd7abce9c0d89402294a6a78419{\nborder-radius:0px 0px 0px 0px;\npadding:0px 0px 0px 0px;\n}\n<\/style>\n<div  class='flex_column av-1rdwcld-fba8cdd7abce9c0d89402294a6a78419 av_two_third  avia-builder-el-8  el_after_av_hr  el_before_av_one_third  first flex_column_div av-zero-column-padding  '     ><section  class='av_textblock_section av-kn8segpn-23a130d2c4355ceb723653a56d6b295d '   itemscope=\"itemscope\" itemtype=\"https:\/\/schema.org\/CreativeWork\" ><div class='avia_textblock'  itemprop=\"text\" ><blockquote>\n<p>Le leasing financier<\/p>\n<\/blockquote>\n<ul>\n<li>Le mat\u00e9riel est immobilis\u00e9 \u00e0 l\u2019actif et le mat\u00e9riel est amorti au passif du bilan<\/li>\n<li>Droit d\u2019usage total sur le mat\u00e9riel<\/li>\n<li>Nous pr\u00e9finan\u00e7ons la TVA; votre tr\u00e9sorerie reste disponible<\/li>\n<li>Possibilit\u00e9 de verser un 1er loyer major\u00e9 enti\u00e8rement d\u00e9ductible<br \/>\n(dans la limite des normes fiscalement admises)<\/li>\n<li>Plusieurs possibilit\u00e9s en fin de contrat: renouvellement de contrat,<br \/>\nrestitution ou achat du mat\u00e9riel<\/li>\n<\/ul>\n<\/div><\/section><\/div>\n\n<style type=\"text\/css\" data-created_by=\"avia_inline_auto\" id=\"style-css-av-18jy21t-3a86a62e1cd13697a8a721933cca7cf0\">\n.flex_column.av-18jy21t-3a86a62e1cd13697a8a721933cca7cf0{\nborder-width:2px;\nborder-color:#edae44;\nborder-style:solid;\nborder-radius:0px 0px 0px 0px;\npadding:1% 1% 1% 1%;\n}\n<\/style>\n<div  class='flex_column av-18jy21t-3a86a62e1cd13697a8a721933cca7cf0 av_one_third  avia-builder-el-10  el_after_av_two_third  el_before_av_one_third  flex_column_div  '     ><style type=\"text\/css\" data-created_by=\"avia_inline_auto\" id=\"style-css-av-kn8t0ywl-3fd9ca7ab69571507c05ecd6b76f3464\">\n#top .av_textblock_section.av-kn8t0ywl-3fd9ca7ab69571507c05ecd6b76f3464 .avia_textblock{\ncolor:#edae44;\n}\n<\/style>\n<section  class='av_textblock_section av-kn8t0ywl-3fd9ca7ab69571507c05ecd6b76f3464 '   itemscope=\"itemscope\" itemtype=\"https:\/\/schema.org\/CreativeWork\" ><div class='avia_textblock av_inherit_color'  itemprop=\"text\" ><ul>\n<li>\n<h5>Des tarifs attractifs et d\u2019excellentes conditions<\/h5>\n<\/li>\n<li>\n<h5>Flexibilit\u00e9 (dur\u00e9es, une option d\u2019achat adapt\u00e9e,&#8230;)<\/h5>\n<\/li>\n<li>\n<h5>Des sch\u00e9mas saisonniers<\/h5>\n<\/li>\n<li>\n<h5>Des offres sur mesure<\/h5>\n<\/li>\n<li>\n<h5>Des d\u00e9cisions cr\u00e9dit rapides<\/h5>\n<\/li>\n<\/ul>\n<\/div><\/section><\/div>\n\n<style type=\"text\/css\" data-created_by=\"avia_inline_auto\" id=\"style-css-av-t9ita9-6d4505678cfa3c1d60f0e0f3c04a0aa5\">\n.flex_column.av-t9ita9-6d4505678cfa3c1d60f0e0f3c04a0aa5{\nborder-radius:0px 0px 0px 0px;\npadding:0px 0px 0px 0px;\nbackground-color:#edae44;\n}\n<\/style>\n<div  class='flex_column av-t9ita9-6d4505678cfa3c1d60f0e0f3c04a0aa5 av_one_third  avia-builder-el-12  el_after_av_one_third  el_before_av_one_third  first flex_column_div av-zero-column-padding  column-top-margin'     ><style type=\"text\/css\" data-created_by=\"avia_inline_auto\" id=\"style-css-av-kn8st3n7-f84c7444dbeeb0d996da0a3d122f3fb6\">\n#top .av_textblock_section.av-kn8st3n7-f84c7444dbeeb0d996da0a3d122f3fb6 .avia_textblock{\ncolor:#ffffff;\n}\n<\/style>\n<section  class='av_textblock_section av-kn8st3n7-f84c7444dbeeb0d996da0a3d122f3fb6 '   itemscope=\"itemscope\" itemtype=\"https:\/\/schema.org\/CreativeWork\" ><div class='avia_textblock av_inherit_color'  itemprop=\"text\" ><p style=\"text-align: center;\">ON BALANCE: option d&rsquo;achat<br \/>\n&lt; ou = 15%<\/p>\n<\/div><\/section><\/div>\n\n<style type=\"text\/css\" data-created_by=\"avia_inline_auto\" id=\"style-css-av-32v76p-70ee08bb7de6d3d696b6683895d06db1\">\n.flex_column.av-32v76p-70ee08bb7de6d3d696b6683895d06db1{\nborder-radius:0px 0px 0px 0px;\npadding:0px 0px 0px 0px;\nbackground-color:#edae44;\n}\n<\/style>\n<div  class='flex_column av-32v76p-70ee08bb7de6d3d696b6683895d06db1 av_one_third  avia-builder-el-14  el_after_av_one_third  el_before_av_two_third  flex_column_div av-zero-column-padding  column-top-margin'     ><style type=\"text\/css\" data-created_by=\"avia_inline_auto\" id=\"style-css-av-kn8sxg2s-6ec576916dafdf524d40986c34fd19aa\">\n#top .av_textblock_section.av-kn8sxg2s-6ec576916dafdf524d40986c34fd19aa .avia_textblock{\ncolor:#ffffff;\n}\n<\/style>\n<section  class='av_textblock_section av-kn8sxg2s-6ec576916dafdf524d40986c34fd19aa '   itemscope=\"itemscope\" itemtype=\"https:\/\/schema.org\/CreativeWork\" ><div class='avia_textblock av_inherit_color'  itemprop=\"text\" ><p style=\"text-align: center;\">OFF BALANCE: option d&rsquo;achat<br \/>\n&gt; 15% renting<\/p>\n<\/div><\/section><\/div>\n\n<style type=\"text\/css\" data-created_by=\"avia_inline_auto\" id=\"style-css-av-av_two_third-53b0b300fb3685750664fb085c5ad19d\">\n.flex_column.av-av_two_third-53b0b300fb3685750664fb085c5ad19d{\nborder-radius:0px 0px 0px 0px;\npadding:0px 0px 0px 0px;\n}\n<\/style>\n<div  class='flex_column av-av_two_third-53b0b300fb3685750664fb085c5ad19d av_two_third  avia-builder-el-16  el_after_av_one_third  el_before_av_two_third  first flex_column_div av-zero-column-padding  column-top-margin'     ><section  class='av_textblock_section av-kn8t6obn-22404881c5b73b71e4ae98084798a351 '   itemscope=\"itemscope\" itemtype=\"https:\/\/schema.org\/CreativeWork\" ><div class='avia_textblock'  itemprop=\"text\" ><blockquote>\n<p>Location financi\u00e8re<\/p>\n<\/blockquote>\n<ul>\n<li>Droit d\u2019usage total sur le mat\u00e9riel<\/li>\n<li>Tous les loyers sont int\u00e9gralement d\u00e9ductibles<\/li>\n<li>Pas d\u2019avance de TVA<\/li>\n<li>Aucun impact sur le bilan, mais impact sur le r\u00e9dultat<\/li>\n<li>Pas de soucis au niveau de la revente du mat\u00e9riel au terme du contrat<\/li>\n<li>Renouvellement facilit\u00e9 au terme du contrat<\/li>\n<\/ul>\n<\/div><\/section><\/div>\n\n<style type=\"text\/css\" data-created_by=\"avia_inline_auto\" id=\"style-css-av-av_two_third-53b0b300fb3685750664fb085c5ad19d\">\n.flex_column.av-av_two_third-53b0b300fb3685750664fb085c5ad19d{\nborder-radius:0px 0px 0px 0px;\npadding:0px 0px 0px 0px;\n}\n<\/style>\n<div  class='flex_column av-av_two_third-53b0b300fb3685750664fb085c5ad19d av_two_third  avia-builder-el-18  el_after_av_two_third  el_before_av_one_full  first flex_column_div av-zero-column-padding  column-top-margin'     ><section  class='av_textblock_section av-kn8t7rme-b2ca39bd2837e9a03f136d175a58d741 '   itemscope=\"itemscope\" itemtype=\"https:\/\/schema.org\/CreativeWork\" ><div class='avia_textblock'  itemprop=\"text\" ><blockquote>\n<p>Cr\u00e9dit<\/p>\n<\/blockquote>\n<ul>\n<li>Le client est propri\u00e9taire de la machine<\/li>\n<li>Des solutions sur mesure<\/li>\n<li>Des plans saisonniers<\/li>\n<\/ul>\n<\/div><\/section><\/div>\n\n<style type=\"text\/css\" data-created_by=\"avia_inline_auto\" id=\"style-css-av-rirq4h-b69df8a00591c273c7d30ba8a736a99c\">\n.flex_column.av-rirq4h-b69df8a00591c273c7d30ba8a736a99c{\nborder-radius:0px 0px 0px 0px;\npadding:0px 0px 0px 0px;\n}\n<\/style>\n<div  class='flex_column av-rirq4h-b69df8a00591c273c7d30ba8a736a99c av_one_full  avia-builder-el-20  el_after_av_two_third  avia-builder-el-last  first flex_column_div av-zero-column-padding  column-top-margin'     ><div  class='avia-button-wrap avia-button-center  avia-builder-el-21  avia-builder-el-no-sibling '>\n<style type=\"text\/css\" data-created_by=\"avia_inline_auto\" id=\"style-css-av-kfhzyrs0-c50fafa6c20b7c196ef33b6af85197b4\">\n#top #wrap_all .avia-button.av-kfhzyrs0-c50fafa6c20b7c196ef33b6af85197b4:hover{\ncolor:#ffffff;\ntransition:all 0.4s ease-in-out;\n}\n#top #wrap_all .avia-button.av-kfhzyrs0-c50fafa6c20b7c196ef33b6af85197b4:hover .avia-svg-icon svg:first-child{\nfill:#ffffff;\nstroke:#ffffff;\n}\n<\/style>\n<a href='https:\/\/www.ag-tec.be\/fr\/reseau\/' class='avia-color-theme-color avia-font-color-theme-color avia-button avia-button-fullwidth av-kfhzyrs0-c50fafa6c20b7c196ef33b6af85197b4 avia-icon_select-no avia-color-theme-color'   aria-label=\"Contactez votre concessionnaire CLAAS le plus proche, pour profiter de nos solutions de financement!\"><span class='avia_iconbox_title' >Contactez votre concessionnaire CLAAS le plus proche, pour profiter de nos solutions de financement!<\/span><span class='avia_button_background avia-button avia-button-fullwidth avia-color-theme-color'><\/span><\/a><\/div><\/div>\n","protected":false},"excerpt":{"rendered":"","protected":false},"author":23,"featured_media":0,"parent":27,"menu_order":30,"comment_status":"closed","ping_status":"closed","template":"","meta":{"_acf_changed":false,"footnotes":""},"class_list":["post-13409","page","type-page","status-publish","hentry"],"acf":[],"yoast_head":"<!-- This site is optimized with the Yoast SEO plugin v27.6 - https:\/\/yoast.com\/product\/yoast-seo-wordpress\/ -->\n<title>Financement &amp; Leasing &#8212; AG-TEC<\/title>\n<meta name=\"robots\" content=\"index, follow, max-snippet:-1, max-image-preview:large, max-video-preview:-1\" \/>\n<link rel=\"canonical\" href=\"https:\/\/www.ag-tec.be\/fr\/services\/financement-leasing\/\" \/>\n<meta property=\"og:locale\" content=\"fr_FR\" \/>\n<meta property=\"og:type\" content=\"article\" \/>\n<meta property=\"og:title\" content=\"Financement &amp; Leasing &#8212; AG-TEC\" \/>\n<meta property=\"og:url\" content=\"https:\/\/www.ag-tec.be\/fr\/services\/financement-leasing\/\" \/>\n<meta property=\"og:site_name\" content=\"AG-TEC\" \/>\n<meta property=\"article:modified_time\" content=\"2021-04-09T07:06:20+00:00\" \/>\n<meta name=\"twitter:card\" content=\"summary_large_image\" \/>\n<meta name=\"twitter:label1\" content=\"Dur\u00e9e de lecture estim\u00e9e\" \/>\n\t<meta name=\"twitter:data1\" content=\"10 minutes\" \/>\n<script type=\"application\/ld+json\" class=\"yoast-schema-graph\">{\"@context\":\"https:\\\/\\\/schema.org\",\"@graph\":[{\"@type\":\"WebPage\",\"@id\":\"https:\\\/\\\/www.ag-tec.be\\\/fr\\\/services\\\/financement-leasing\\\/\",\"url\":\"https:\\\/\\\/www.ag-tec.be\\\/fr\\\/services\\\/financement-leasing\\\/\",\"name\":\"Financement & Leasing &#8212; AG-TEC\",\"isPartOf\":{\"@id\":\"https:\\\/\\\/www.ag-tec.be\\\/fr\\\/#website\"},\"datePublished\":\"2017-07-13T11:34:20+00:00\",\"dateModified\":\"2021-04-09T07:06:20+00:00\",\"breadcrumb\":{\"@id\":\"https:\\\/\\\/www.ag-tec.be\\\/fr\\\/services\\\/financement-leasing\\\/#breadcrumb\"},\"inLanguage\":\"fr-FR\",\"potentialAction\":[{\"@type\":\"ReadAction\",\"target\":[\"https:\\\/\\\/www.ag-tec.be\\\/fr\\\/services\\\/financement-leasing\\\/\"]}]},{\"@type\":\"BreadcrumbList\",\"@id\":\"https:\\\/\\\/www.ag-tec.be\\\/fr\\\/services\\\/financement-leasing\\\/#breadcrumb\",\"itemListElement\":[{\"@type\":\"ListItem\",\"position\":1,\"name\":\"Home\",\"item\":\"https:\\\/\\\/www.ag-tec.be\\\/fr\\\/\"},{\"@type\":\"ListItem\",\"position\":2,\"name\":\"Services\",\"item\":\"https:\\\/\\\/www.ag-tec.be\\\/fr\\\/services\\\/\"},{\"@type\":\"ListItem\",\"position\":3,\"name\":\"Financement &#038; Leasing\"}]},{\"@type\":\"WebSite\",\"@id\":\"https:\\\/\\\/www.ag-tec.be\\\/fr\\\/#website\",\"url\":\"https:\\\/\\\/www.ag-tec.be\\\/fr\\\/\",\"name\":\"AG-TEC\",\"description\":\"CLAAS Belgium\",\"publisher\":{\"@id\":\"https:\\\/\\\/www.ag-tec.be\\\/fr\\\/#organization\"},\"potentialAction\":[{\"@type\":\"SearchAction\",\"target\":{\"@type\":\"EntryPoint\",\"urlTemplate\":\"https:\\\/\\\/www.ag-tec.be\\\/fr\\\/?s={search_term_string}\"},\"query-input\":{\"@type\":\"PropertyValueSpecification\",\"valueRequired\":true,\"valueName\":\"search_term_string\"}}],\"inLanguage\":\"fr-FR\"},{\"@type\":\"Organization\",\"@id\":\"https:\\\/\\\/www.ag-tec.be\\\/fr\\\/#organization\",\"name\":\"AG-TEC\",\"url\":\"https:\\\/\\\/www.ag-tec.be\\\/fr\\\/\",\"logo\":{\"@type\":\"ImageObject\",\"inLanguage\":\"fr-FR\",\"@id\":\"https:\\\/\\\/www.ag-tec.be\\\/fr\\\/#\\\/schema\\\/logo\\\/image\\\/\",\"url\":\"https:\\\/\\\/www.ag-tec.be\\\/wp-content\\\/uploads\\\/2017\\\/06\\\/AG-TEC-Logo-340p-e1497941604776.jpg\",\"contentUrl\":\"https:\\\/\\\/www.ag-tec.be\\\/wp-content\\\/uploads\\\/2017\\\/06\\\/AG-TEC-Logo-340p-e1497941604776.jpg\",\"width\":200,\"height\":55,\"caption\":\"AG-TEC\"},\"image\":{\"@id\":\"https:\\\/\\\/www.ag-tec.be\\\/fr\\\/#\\\/schema\\\/logo\\\/image\\\/\"}}]}<\/script>\n<!-- \/ Yoast SEO plugin. -->","yoast_head_json":{"title":"Financement & Leasing &#8212; AG-TEC","robots":{"index":"index","follow":"follow","max-snippet":"max-snippet:-1","max-image-preview":"max-image-preview:large","max-video-preview":"max-video-preview:-1"},"canonical":"https:\/\/www.ag-tec.be\/fr\/services\/financement-leasing\/","og_locale":"fr_FR","og_type":"article","og_title":"Financement & Leasing &#8212; AG-TEC","og_url":"https:\/\/www.ag-tec.be\/fr\/services\/financement-leasing\/","og_site_name":"AG-TEC","article_modified_time":"2021-04-09T07:06:20+00:00","twitter_card":"summary_large_image","twitter_misc":{"Dur\u00e9e de lecture estim\u00e9e":"10 minutes"},"schema":{"@context":"https:\/\/schema.org","@graph":[{"@type":"WebPage","@id":"https:\/\/www.ag-tec.be\/fr\/services\/financement-leasing\/","url":"https:\/\/www.ag-tec.be\/fr\/services\/financement-leasing\/","name":"Financement & Leasing &#8212; AG-TEC","isPartOf":{"@id":"https:\/\/www.ag-tec.be\/fr\/#website"},"datePublished":"2017-07-13T11:34:20+00:00","dateModified":"2021-04-09T07:06:20+00:00","breadcrumb":{"@id":"https:\/\/www.ag-tec.be\/fr\/services\/financement-leasing\/#breadcrumb"},"inLanguage":"fr-FR","potentialAction":[{"@type":"ReadAction","target":["https:\/\/www.ag-tec.be\/fr\/services\/financement-leasing\/"]}]},{"@type":"BreadcrumbList","@id":"https:\/\/www.ag-tec.be\/fr\/services\/financement-leasing\/#breadcrumb","itemListElement":[{"@type":"ListItem","position":1,"name":"Home","item":"https:\/\/www.ag-tec.be\/fr\/"},{"@type":"ListItem","position":2,"name":"Services","item":"https:\/\/www.ag-tec.be\/fr\/services\/"},{"@type":"ListItem","position":3,"name":"Financement &#038; Leasing"}]},{"@type":"WebSite","@id":"https:\/\/www.ag-tec.be\/fr\/#website","url":"https:\/\/www.ag-tec.be\/fr\/","name":"AG-TEC","description":"CLAAS Belgium","publisher":{"@id":"https:\/\/www.ag-tec.be\/fr\/#organization"},"potentialAction":[{"@type":"SearchAction","target":{"@type":"EntryPoint","urlTemplate":"https:\/\/www.ag-tec.be\/fr\/?s={search_term_string}"},"query-input":{"@type":"PropertyValueSpecification","valueRequired":true,"valueName":"search_term_string"}}],"inLanguage":"fr-FR"},{"@type":"Organization","@id":"https:\/\/www.ag-tec.be\/fr\/#organization","name":"AG-TEC","url":"https:\/\/www.ag-tec.be\/fr\/","logo":{"@type":"ImageObject","inLanguage":"fr-FR","@id":"https:\/\/www.ag-tec.be\/fr\/#\/schema\/logo\/image\/","url":"https:\/\/www.ag-tec.be\/wp-content\/uploads\/2017\/06\/AG-TEC-Logo-340p-e1497941604776.jpg","contentUrl":"https:\/\/www.ag-tec.be\/wp-content\/uploads\/2017\/06\/AG-TEC-Logo-340p-e1497941604776.jpg","width":200,"height":55,"caption":"AG-TEC"},"image":{"@id":"https:\/\/www.ag-tec.be\/fr\/#\/schema\/logo\/image\/"}}]}},"_links":{"self":[{"href":"https:\/\/www.ag-tec.be\/fr\/wp-json\/wp\/v2\/pages\/13409","targetHints":{"allow":["GET"]}}],"collection":[{"href":"https:\/\/www.ag-tec.be\/fr\/wp-json\/wp\/v2\/pages"}],"about":[{"href":"https:\/\/www.ag-tec.be\/fr\/wp-json\/wp\/v2\/types\/page"}],"author":[{"embeddable":true,"href":"https:\/\/www.ag-tec.be\/fr\/wp-json\/wp\/v2\/users\/23"}],"replies":[{"embeddable":true,"href":"https:\/\/www.ag-tec.be\/fr\/wp-json\/wp\/v2\/comments?post=13409"}],"version-history":[{"count":0,"href":"https:\/\/www.ag-tec.be\/fr\/wp-json\/wp\/v2\/pages\/13409\/revisions"}],"up":[{"embeddable":true,"href":"https:\/\/www.ag-tec.be\/fr\/wp-json\/wp\/v2\/pages\/27"}],"wp:attachment":[{"href":"https:\/\/www.ag-tec.be\/fr\/wp-json\/wp\/v2\/media?parent=13409"}],"curies":[{"name":"wp","href":"https:\/\/api.w.org\/{rel}","templated":true}]}}