{"id":13424,"date":"2017-07-13T13:49:35","date_gmt":"2017-07-13T11:49:35","guid":{"rendered":"https:\/\/www.ag-tec.be\/?page_id=13424\/"},"modified":"2018-04-13T10:07:56","modified_gmt":"2018-04-13T08:07:56","slug":"formations","status":"publish","type":"page","link":"https:\/\/www.ag-tec.be\/fr\/services\/formations\/","title":{"rendered":"Formations"},"content":{"rendered":"<div  class='flex_column av-av_one_full-2a9015ff38129c418a3f2eafba3e9512 av_one_full  avia-builder-el-0  el_before_av_two_third  avia-builder-el-first  first flex_column_div  '     ><style type=\"text\/css\" data-created_by=\"avia_inline_auto\" id=\"style-css-av-av_heading-0bb0380a94c17fa89ad45999df9100c3\">\n#top .av-special-heading.av-av_heading-0bb0380a94c17fa89ad45999df9100c3{\npadding-bottom:10px;\n}\nbody .av-special-heading.av-av_heading-0bb0380a94c17fa89ad45999df9100c3 .av-special-heading-tag .heading-char{\nfont-size:25px;\n}\n.av-special-heading.av-av_heading-0bb0380a94c17fa89ad45999df9100c3 .av-subheading{\nfont-size:18px;\n}\n<\/style>\n<div  class='av-special-heading av-av_heading-0bb0380a94c17fa89ad45999df9100c3 av-special-heading-h1 blockquote modern-quote  avia-builder-el-1  avia-builder-el-no-sibling '><h1 class='av-special-heading-tag '  itemprop=\"headline\"  >La formation<\/h1><div class='av-subheading av-subheading_below'><p>Un service apr\u00e8s-vente de qualit\u00e9 et une utilisation optimale de votre machine<\/p>\n<\/div><div class=\"special-heading-border\"><div class=\"special-heading-inner-border\"><\/div><\/div><\/div><\/div>\n<div class='flex_column_table av-av_two_third-9e77ada723822025be33ef76ad1bae35 sc-av_two_third av-equal-height-column-flextable'>\n<style type=\"text\/css\" data-created_by=\"avia_inline_auto\" id=\"style-css-av-av_two_third-9e77ada723822025be33ef76ad1bae35\">\n.flex_column.av-av_two_third-9e77ada723822025be33ef76ad1bae35{\nborder-radius:0px 0px 0px 0px;\npadding:0px 0px 0px 0px;\n}\n<\/style>\n<div  class='flex_column av-av_two_third-9e77ada723822025be33ef76ad1bae35 av_two_third  avia-builder-el-2  el_after_av_one_full  el_before_av_one_third  first flex_column_table_cell av-equal-height-column av-align-top av-zero-column-padding  column-top-margin'     ><section  class='av_textblock_section av-av_textblock-2bd894dbf2e4bf2c4acf98ce4fbf94aa '   itemscope=\"itemscope\" itemtype=\"https:\/\/schema.org\/CreativeWork\" ><div class='avia_textblock'  itemprop=\"text\" ><p>Chez AG-TEC la formation de notre personnel, du personnel de nos concessionnaires et des utilisateurs finaux attire toute notre attention.<\/p>\n<p>Nos techniciens CLAAS sont form\u00e9s \u00e0 la CLAAS ACADEMY, ils forment \u00e0 leur tour les techniciens de notre r\u00e9seau de concessionnaires CLAAS dans notre centre de comp\u00e9tences de Fernelmont.<\/p>\n<p>Nous organisons \u00e9galement des sessions de formation pour les utilisateurs et chauffeurs de machines de r\u00e9colte.<\/p>\n<\/div><\/section><\/div><div class='av-flex-placeholder'><\/div>\n<style type=\"text\/css\" data-created_by=\"avia_inline_auto\" id=\"style-css-av-av_one_third-716cca20bd29f6f83f99b6fce30f4260\">\n.flex_column.av-av_one_third-716cca20bd29f6f83f99b6fce30f4260{\nborder-radius:0 0 0 0;\npadding:0 0 0 0;\n}\n<\/style>\n<div  class='flex_column av-av_one_third-716cca20bd29f6f83f99b6fce30f4260 av_one_third  avia-builder-el-4  el_after_av_two_third  avia-builder-el-last  flex_column_table_cell av-equal-height-column av-align-top av-zero-column-padding  column-top-margin'     ><style type=\"text\/css\" data-created_by=\"avia_inline_auto\" id=\"style-css-av-av_image-14da48aafb109ab86f27d3f0ad3faa52\">\n.avia-image-container.av-av_image-14da48aafb109ab86f27d3f0ad3faa52 img.avia_image{\nbox-shadow:none;\n}\n.avia-image-container.av-av_image-14da48aafb109ab86f27d3f0ad3faa52 .av-image-caption-overlay-center{\ncolor:#ffffff;\n}\n<\/style>\n<div  class='avia-image-container av-av_image-14da48aafb109ab86f27d3f0ad3faa52 av-styling- avia-align-center  avia-builder-el-5  avia-builder-el-no-sibling '   itemprop=\"image\" itemscope=\"itemscope\" itemtype=\"https:\/\/schema.org\/ImageObject\" ><div class=\"avia-image-container-inner\"><div class=\"avia-image-overlay-wrap\"><img decoding=\"async\" fetchpriority=\"high\" class='wp-image-13439 avia-img-lazy-loading-not-13439 avia_image ' src=\"https:\/\/www.ag-tec.be\/wp-content\/uploads\/2017\/07\/20021-300x160.jpg\" alt='' title='20021'  height=\"160\" width=\"300\"  itemprop=\"thumbnailUrl\" srcset=\"https:\/\/www.ag-tec.be\/wp-content\/uploads\/2017\/07\/20021-300x160.jpg 300w, https:\/\/www.ag-tec.be\/wp-content\/uploads\/2017\/07\/20021-768x410.jpg 768w, https:\/\/www.ag-tec.be\/wp-content\/uploads\/2017\/07\/20021-1030x549.jpg 1030w, https:\/\/www.ag-tec.be\/wp-content\/uploads\/2017\/07\/20021-705x376.jpg 705w, https:\/\/www.ag-tec.be\/wp-content\/uploads\/2017\/07\/20021.jpg 1500w\" sizes=\"(max-width: 300px) 100vw, 300px\" \/><\/div><\/div><\/div><\/div><\/div><!--close column table wrapper. Autoclose: 1 --><\/p>\n","protected":false},"excerpt":{"rendered":"","protected":false},"author":23,"featured_media":0,"parent":27,"menu_order":30,"comment_status":"closed","ping_status":"closed","template":"","meta":{"_acf_changed":false,"footnotes":""},"class_list":["post-13424","page","type-page","status-publish","hentry"],"acf":[],"yoast_head":"<!-- This site is optimized with the Yoast SEO plugin v27.4 - https:\/\/yoast.com\/product\/yoast-seo-wordpress\/ -->\n<title>Formations &#8212; AG-TEC<\/title>\n<meta name=\"robots\" content=\"index, follow, max-snippet:-1, max-image-preview:large, max-video-preview:-1\" \/>\n<link rel=\"canonical\" href=\"https:\/\/www.ag-tec.be\/fr\/services\/formations\/\" \/>\n<meta property=\"og:locale\" content=\"fr_FR\" \/>\n<meta property=\"og:type\" content=\"article\" \/>\n<meta property=\"og:title\" content=\"Formations &#8212; AG-TEC\" \/>\n<meta property=\"og:url\" content=\"https:\/\/www.ag-tec.be\/fr\/services\/formations\/\" \/>\n<meta property=\"og:site_name\" content=\"AG-TEC\" \/>\n<meta property=\"article:modified_time\" content=\"2018-04-13T08:07:56+00:00\" \/>\n<meta name=\"twitter:card\" content=\"summary_large_image\" \/>\n<meta name=\"twitter:label1\" content=\"Dur\u00e9e de lecture estim\u00e9e\" \/>\n\t<meta name=\"twitter:data1\" content=\"2 minutes\" \/>\n<script type=\"application\/ld+json\" class=\"yoast-schema-graph\">{\"@context\":\"https:\\\/\\\/schema.org\",\"@graph\":[{\"@type\":\"WebPage\",\"@id\":\"https:\\\/\\\/www.ag-tec.be\\\/fr\\\/services\\\/formations\\\/\",\"url\":\"https:\\\/\\\/www.ag-tec.be\\\/fr\\\/services\\\/formations\\\/\",\"name\":\"Formations &#8212; AG-TEC\",\"isPartOf\":{\"@id\":\"https:\\\/\\\/www.ag-tec.be\\\/fr\\\/#website\"},\"datePublished\":\"2017-07-13T11:49:35+00:00\",\"dateModified\":\"2018-04-13T08:07:56+00:00\",\"breadcrumb\":{\"@id\":\"https:\\\/\\\/www.ag-tec.be\\\/fr\\\/services\\\/formations\\\/#breadcrumb\"},\"inLanguage\":\"fr-FR\",\"potentialAction\":[{\"@type\":\"ReadAction\",\"target\":[\"https:\\\/\\\/www.ag-tec.be\\\/fr\\\/services\\\/formations\\\/\"]}]},{\"@type\":\"BreadcrumbList\",\"@id\":\"https:\\\/\\\/www.ag-tec.be\\\/fr\\\/services\\\/formations\\\/#breadcrumb\",\"itemListElement\":[{\"@type\":\"ListItem\",\"position\":1,\"name\":\"Home\",\"item\":\"https:\\\/\\\/www.ag-tec.be\\\/fr\\\/\"},{\"@type\":\"ListItem\",\"position\":2,\"name\":\"Services\",\"item\":\"https:\\\/\\\/www.ag-tec.be\\\/fr\\\/services\\\/\"},{\"@type\":\"ListItem\",\"position\":3,\"name\":\"Formations\"}]},{\"@type\":\"WebSite\",\"@id\":\"https:\\\/\\\/www.ag-tec.be\\\/fr\\\/#website\",\"url\":\"https:\\\/\\\/www.ag-tec.be\\\/fr\\\/\",\"name\":\"AG-TEC\",\"description\":\"CLAAS Belgium\",\"publisher\":{\"@id\":\"https:\\\/\\\/www.ag-tec.be\\\/fr\\\/#organization\"},\"potentialAction\":[{\"@type\":\"SearchAction\",\"target\":{\"@type\":\"EntryPoint\",\"urlTemplate\":\"https:\\\/\\\/www.ag-tec.be\\\/fr\\\/?s={search_term_string}\"},\"query-input\":{\"@type\":\"PropertyValueSpecification\",\"valueRequired\":true,\"valueName\":\"search_term_string\"}}],\"inLanguage\":\"fr-FR\"},{\"@type\":\"Organization\",\"@id\":\"https:\\\/\\\/www.ag-tec.be\\\/fr\\\/#organization\",\"name\":\"AG-TEC\",\"url\":\"https:\\\/\\\/www.ag-tec.be\\\/fr\\\/\",\"logo\":{\"@type\":\"ImageObject\",\"inLanguage\":\"fr-FR\",\"@id\":\"https:\\\/\\\/www.ag-tec.be\\\/fr\\\/#\\\/schema\\\/logo\\\/image\\\/\",\"url\":\"https:\\\/\\\/www.ag-tec.be\\\/wp-content\\\/uploads\\\/2017\\\/06\\\/AG-TEC-Logo-340p-e1497941604776.jpg\",\"contentUrl\":\"https:\\\/\\\/www.ag-tec.be\\\/wp-content\\\/uploads\\\/2017\\\/06\\\/AG-TEC-Logo-340p-e1497941604776.jpg\",\"width\":200,\"height\":55,\"caption\":\"AG-TEC\"},\"image\":{\"@id\":\"https:\\\/\\\/www.ag-tec.be\\\/fr\\\/#\\\/schema\\\/logo\\\/image\\\/\"}}]}<\/script>\n<!-- \/ Yoast SEO plugin. -->","yoast_head_json":{"title":"Formations &#8212; AG-TEC","robots":{"index":"index","follow":"follow","max-snippet":"max-snippet:-1","max-image-preview":"max-image-preview:large","max-video-preview":"max-video-preview:-1"},"canonical":"https:\/\/www.ag-tec.be\/fr\/services\/formations\/","og_locale":"fr_FR","og_type":"article","og_title":"Formations &#8212; AG-TEC","og_url":"https:\/\/www.ag-tec.be\/fr\/services\/formations\/","og_site_name":"AG-TEC","article_modified_time":"2018-04-13T08:07:56+00:00","twitter_card":"summary_large_image","twitter_misc":{"Dur\u00e9e de lecture estim\u00e9e":"2 minutes"},"schema":{"@context":"https:\/\/schema.org","@graph":[{"@type":"WebPage","@id":"https:\/\/www.ag-tec.be\/fr\/services\/formations\/","url":"https:\/\/www.ag-tec.be\/fr\/services\/formations\/","name":"Formations &#8212; AG-TEC","isPartOf":{"@id":"https:\/\/www.ag-tec.be\/fr\/#website"},"datePublished":"2017-07-13T11:49:35+00:00","dateModified":"2018-04-13T08:07:56+00:00","breadcrumb":{"@id":"https:\/\/www.ag-tec.be\/fr\/services\/formations\/#breadcrumb"},"inLanguage":"fr-FR","potentialAction":[{"@type":"ReadAction","target":["https:\/\/www.ag-tec.be\/fr\/services\/formations\/"]}]},{"@type":"BreadcrumbList","@id":"https:\/\/www.ag-tec.be\/fr\/services\/formations\/#breadcrumb","itemListElement":[{"@type":"ListItem","position":1,"name":"Home","item":"https:\/\/www.ag-tec.be\/fr\/"},{"@type":"ListItem","position":2,"name":"Services","item":"https:\/\/www.ag-tec.be\/fr\/services\/"},{"@type":"ListItem","position":3,"name":"Formations"}]},{"@type":"WebSite","@id":"https:\/\/www.ag-tec.be\/fr\/#website","url":"https:\/\/www.ag-tec.be\/fr\/","name":"AG-TEC","description":"CLAAS Belgium","publisher":{"@id":"https:\/\/www.ag-tec.be\/fr\/#organization"},"potentialAction":[{"@type":"SearchAction","target":{"@type":"EntryPoint","urlTemplate":"https:\/\/www.ag-tec.be\/fr\/?s={search_term_string}"},"query-input":{"@type":"PropertyValueSpecification","valueRequired":true,"valueName":"search_term_string"}}],"inLanguage":"fr-FR"},{"@type":"Organization","@id":"https:\/\/www.ag-tec.be\/fr\/#organization","name":"AG-TEC","url":"https:\/\/www.ag-tec.be\/fr\/","logo":{"@type":"ImageObject","inLanguage":"fr-FR","@id":"https:\/\/www.ag-tec.be\/fr\/#\/schema\/logo\/image\/","url":"https:\/\/www.ag-tec.be\/wp-content\/uploads\/2017\/06\/AG-TEC-Logo-340p-e1497941604776.jpg","contentUrl":"https:\/\/www.ag-tec.be\/wp-content\/uploads\/2017\/06\/AG-TEC-Logo-340p-e1497941604776.jpg","width":200,"height":55,"caption":"AG-TEC"},"image":{"@id":"https:\/\/www.ag-tec.be\/fr\/#\/schema\/logo\/image\/"}}]}},"_links":{"self":[{"href":"https:\/\/www.ag-tec.be\/fr\/wp-json\/wp\/v2\/pages\/13424","targetHints":{"allow":["GET"]}}],"collection":[{"href":"https:\/\/www.ag-tec.be\/fr\/wp-json\/wp\/v2\/pages"}],"about":[{"href":"https:\/\/www.ag-tec.be\/fr\/wp-json\/wp\/v2\/types\/page"}],"author":[{"embeddable":true,"href":"https:\/\/www.ag-tec.be\/fr\/wp-json\/wp\/v2\/users\/23"}],"replies":[{"embeddable":true,"href":"https:\/\/www.ag-tec.be\/fr\/wp-json\/wp\/v2\/comments?post=13424"}],"version-history":[{"count":0,"href":"https:\/\/www.ag-tec.be\/fr\/wp-json\/wp\/v2\/pages\/13424\/revisions"}],"up":[{"embeddable":true,"href":"https:\/\/www.ag-tec.be\/fr\/wp-json\/wp\/v2\/pages\/27"}],"wp:attachment":[{"href":"https:\/\/www.ag-tec.be\/fr\/wp-json\/wp\/v2\/media?parent=13424"}],"curies":[{"name":"wp","href":"https:\/\/api.w.org\/{rel}","templated":true}]}}