{"id":13454,"date":"2017-07-13T14:52:19","date_gmt":"2017-07-13T12:52:19","guid":{"rendered":"https:\/\/www.ag-tec.be\/?page_id=13454\/"},"modified":"2021-04-23T14:02:20","modified_gmt":"2021-04-23T12:02:20","slug":"pieces-de-rechange","status":"publish","type":"page","link":"https:\/\/www.ag-tec.be\/fr\/services\/pieces-de-rechange\/","title":{"rendered":"Pi\u00e8ces et accessoires"},"content":{"rendered":"<div  class='flex_column av-4s1zecu-48eeb936e0ae4b970e24735ddcb730c7 av_one_full  avia-builder-el-0  el_before_av_two_third  avia-builder-el-first  first flex_column_div  '     ><style type=\"text\/css\" data-created_by=\"avia_inline_auto\" id=\"style-css-av-4cygs7i-e78ad19955ecbc02d6b3c356c87ef7a5\">\n#top .av-special-heading.av-4cygs7i-e78ad19955ecbc02d6b3c356c87ef7a5{\npadding-bottom:10px;\n}\nbody .av-special-heading.av-4cygs7i-e78ad19955ecbc02d6b3c356c87ef7a5 .av-special-heading-tag .heading-char{\nfont-size:25px;\n}\n.av-special-heading.av-4cygs7i-e78ad19955ecbc02d6b3c356c87ef7a5 .av-subheading{\nfont-size:18px;\n}\n<\/style>\n<div  class='av-special-heading av-4cygs7i-e78ad19955ecbc02d6b3c356c87ef7a5 av-special-heading-h1 blockquote modern-quote  avia-builder-el-1  avia-builder-el-no-sibling '><h1 class='av-special-heading-tag '  itemprop=\"headline\"  >Pi\u00e8ces et accessoires<\/h1><div class='av-subheading av-subheading_below'><p>Original CLAAS<\/p>\n<\/div><div class=\"special-heading-border\"><div class=\"special-heading-inner-border\"><\/div><\/div><\/div><\/div>\n<div class='flex_column_table av-444pqni-e93d1e85a794112841a2c8cebb88b503 sc-av_two_third av-equal-height-column-flextable'>\n<style type=\"text\/css\" data-created_by=\"avia_inline_auto\" id=\"style-css-av-444pqni-e93d1e85a794112841a2c8cebb88b503\">\n.flex_column.av-444pqni-e93d1e85a794112841a2c8cebb88b503{\nborder-radius:0px 0px 0px 0px;\npadding:0px 0px 0px 0px;\n}\n<\/style>\n<div  class='flex_column av-444pqni-e93d1e85a794112841a2c8cebb88b503 av_two_third  avia-builder-el-2  el_after_av_one_full  el_before_av_one_third  first flex_column_table_cell av-equal-height-column av-align-top av-zero-column-padding  column-top-margin'     ><section  class='av_textblock_section av-3e13fqm-13d03ce1093576d53367683c38323881 '   itemscope=\"itemscope\" itemtype=\"https:\/\/schema.org\/CreativeWork\" ><div class='avia_textblock'  itemprop=\"text\" ><blockquote>\n<p>Une finition et une livraison sur mesure<\/p>\n<\/blockquote>\n<p>CLAAS Service &amp; Parts vous propose une large gamme de pi\u00e8ces de rechange, d&rsquo;accessoires et de consommables sp\u00e9cifiquement con\u00e7us pour votre machine. Pour vous garantir un fonctionnement optimal.<\/p>\n<p>Les pi\u00e8ces ORIGINAL sont fabriqu\u00e9es \u00e0 partir de mat\u00e9riaux de haute qualit\u00e9 conform\u00e9ment aux sp\u00e9cifications et au savoir-faire \u00e9prouv\u00e9 de CLAAS. Chacune de ces pi\u00e8ces est sp\u00e9cifiquement con\u00e7ue pour assurer le fonctionnement optimal de votre machine. Et cerise sur le g\u00e2teau, le service des pi\u00e8ces de rechange de CLAAS garantit un approvisionnement imm\u00e9diat d\u00e8s que vous en avez besoin. Outre les pi\u00e8ces de rechange traditionnelles, nous vous offrons \u00e9galement les options suivantes qui conviennent dans certaines situations sp\u00e9cifiques\u00a0:<\/p>\n<ul class=\"rte--list\">\n<li>CLAAS REMAN\u00a0: Pi\u00e8ces reconditionn\u00e9es<\/li>\n<li>CLAAS PREMIUM LINE\u00a0: Pi\u00e8ces \u00e0 haute r\u00e9sistance \u00e0 l&rsquo;usure<\/li>\n<\/ul>\n<\/div><\/section><br \/>\n\n<style type=\"text\/css\" data-created_by=\"avia_inline_auto\" id=\"style-css-av-2xo7lam-e3e00c4f988847606b91bfbfe1bf9e54\">\n#top .avia-gallery.av-2xo7lam-e3e00c4f988847606b91bfbfe1bf9e54 .avia-gallery-thumb a{\nwidth:33.3333%;\n}\n<\/style>\n<div  class='avia-gallery av-2xo7lam-e3e00c4f988847606b91bfbfe1bf9e54 avia_animate_when_visible  avia-builder-el-4  el_after_av_textblock  avia-builder-el-last  deactivate_avia_lazyload avia-gallery-animate avia-gallery-1'  itemprop=\"image\" itemscope=\"itemscope\" itemtype=\"https:\/\/schema.org\/ImageObject\" ><meta itemprop=\"contentURL\" content=\"https:\/\/www.ag-tec.be\/fr\/services\/pieces-de-rechange\/\"><div class='avia-gallery-thumb'><a href=\"https:\/\/www.ag-tec.be\/wp-content\/uploads\/2017\/07\/Reman.jpg\" data-rel='gallery-1' data-prev-img='https:\/\/www.ag-tec.be\/wp-content\/uploads\/2017\/07\/Reman.jpg' class='first_thumb lightbox ' data-onclick='1' title='Reman'  itemprop=\"thumbnailUrl\"  ><img decoding=\"async\" fetchpriority=\"high\" class=\"wp-image-13459 avia-img-lazy-loading-not-13459\"   src=\"https:\/\/www.ag-tec.be\/wp-content\/uploads\/2017\/07\/Reman.jpg\" width=\"260\" height=\"145\"  title='Reman' alt='' \/><div class='big-prev-fake'><img decoding=\"async\" loading=\"lazy\" class=\"wp-image-13459 avia-img-lazy-loading-13459\"  width=\"260\" height=\"145\" src=\"https:\/\/www.ag-tec.be\/wp-content\/uploads\/2017\/07\/Reman.jpg\" title='Reman' alt='' \/><\/div><\/a><a href=\"https:\/\/www.ag-tec.be\/wp-content\/uploads\/2017\/07\/BoiteClaas.jpg\" data-rel='gallery-1' data-prev-img='https:\/\/www.ag-tec.be\/wp-content\/uploads\/2017\/07\/BoiteClaas.jpg' class='lightbox ' data-onclick='2' title='BoiteClaas'  itemprop=\"thumbnailUrl\"  ><img decoding=\"async\" fetchpriority=\"high\" class=\"wp-image-13458 avia-img-lazy-loading-not-13458\"   src=\"https:\/\/www.ag-tec.be\/wp-content\/uploads\/2017\/07\/BoiteClaas.jpg\" width=\"260\" height=\"145\"  title='BoiteClaas' alt='' \/><div class='big-prev-fake'><img decoding=\"async\" loading=\"lazy\" class=\"wp-image-13458 avia-img-lazy-loading-13458\"  width=\"260\" height=\"145\" src=\"https:\/\/www.ag-tec.be\/wp-content\/uploads\/2017\/07\/BoiteClaas.jpg\" title='BoiteClaas' alt='' \/><\/div><\/a><a href=\"https:\/\/www.ag-tec.be\/wp-content\/uploads\/2017\/07\/Premium-1.jpg\" data-rel='gallery-1' data-prev-img='https:\/\/www.ag-tec.be\/wp-content\/uploads\/2017\/07\/Premium-1.jpg' class='lightbox ' data-onclick='3' title='Premium'  itemprop=\"thumbnailUrl\"  ><img decoding=\"async\" fetchpriority=\"high\" class=\"wp-image-13502 avia-img-lazy-loading-not-13502\"   src=\"https:\/\/www.ag-tec.be\/wp-content\/uploads\/2017\/07\/Premium-1.jpg\" width=\"260\" height=\"145\"  title='Premium' alt='' \/><div class='big-prev-fake'><img decoding=\"async\" loading=\"lazy\" class=\"wp-image-13502 avia-img-lazy-loading-13502\"  width=\"260\" height=\"145\" src=\"https:\/\/www.ag-tec.be\/wp-content\/uploads\/2017\/07\/Premium-1.jpg\" title='Premium' alt='' \/><\/div><\/a><\/div><\/div><\/p><\/div>\n<div class='av-flex-placeholder'><\/div>\n<style type=\"text\/css\" data-created_by=\"avia_inline_auto\" id=\"style-css-av-2ml4qi6-789fe61e7bab9400ca2ce510d4229218\">\n.flex_column.av-2ml4qi6-789fe61e7bab9400ca2ce510d4229218{\nborder-radius:0px 0px 0px 0px;\npadding:0px 0px 0px 0px;\n}\n<\/style>\n<div  class='flex_column av-2ml4qi6-789fe61e7bab9400ca2ce510d4229218 av_one_third  avia-builder-el-5  el_after_av_two_third  el_before_av_two_third  flex_column_table_cell av-equal-height-column av-align-top av-zero-column-padding  column-top-margin'     ><section  class='av_textblock_section av-knu9idl8-dab17aa40a59116ae6856080ca96280c '   itemscope=\"itemscope\" itemtype=\"https:\/\/schema.org\/CreativeWork\" ><div class='avia_textblock'  itemprop=\"text\" ><p style=\"text-align: center;\">Login Parts Doc<\/p>\n<p><img loading=\"lazy\" decoding=\"async\" class=\"wp-image-15376 size-medium aligncenter\" src=\"https:\/\/www.ag-tec.be\/wp-content\/uploads\/2021\/04\/PartsDoc-300x167.jpg\" alt=\"\" width=\"300\" height=\"167\" srcset=\"https:\/\/www.ag-tec.be\/wp-content\/uploads\/2021\/04\/PartsDoc-300x167.jpg 300w, https:\/\/www.ag-tec.be\/wp-content\/uploads\/2021\/04\/PartsDoc-768x429.jpg 768w, https:\/\/www.ag-tec.be\/wp-content\/uploads\/2021\/04\/PartsDoc-705x393.jpg 705w, https:\/\/www.ag-tec.be\/wp-content\/uploads\/2021\/04\/PartsDoc.jpg 1000w\" sizes=\"auto, (max-width: 300px) 100vw, 300px\" \/><\/p>\n<p style=\"text-align: center;\"><div  class='avia-button-wrap av-7mtz7y-87132842fafba2ddaaad3c9d82170588-wrap avia-button-center  avia-builder-el-7  avia-builder-el-no-sibling '><a href='http:\/\/www.claas.fr\/service_pieces\/claas-connect\/parts-doc-ersatzteilkatalog\/parts-doc-login\/607746?view=getSsoLink&amp;lang=fr&amp;locale=fr_FR&amp;user=PartsdocPublic'  class='avia-button av-7mtz7y-87132842fafba2ddaaad3c9d82170588 av-link-btn avia-icon_select-no avia-size-small avia-position-center avia-color-green'  target=\"_blank\"  rel=\"noopener noreferrer\"  aria-label=\"LOGIN\"><span class='avia_iconbox_title' >LOGIN<\/span><\/a><\/div><\/p>\n<\/div><\/section><\/div><\/div><!--close column table wrapper. Autoclose: 1 --><div class='flex_column_table av-1iux94e-62c8d22faa855fb592bf1d7651256b66 sc-av_two_third av-equal-height-column-flextable'>\n<style type=\"text\/css\" data-created_by=\"avia_inline_auto\" id=\"style-css-av-1iux94e-62c8d22faa855fb592bf1d7651256b66\">\n.flex_column.av-1iux94e-62c8d22faa855fb592bf1d7651256b66{\nborder-radius:0px 0px 0px 0px;\npadding:0px 0px 0px 0px;\n}\n<\/style>\n<div  class='flex_column av-1iux94e-62c8d22faa855fb592bf1d7651256b66 av_two_third  avia-builder-el-8  el_after_av_one_third  avia-builder-el-last  first flex_column_table_cell av-equal-height-column av-align-top av-zero-column-padding  column-top-margin'     ><section  class='av_textblock_section av-1d2f92m-8c71c07643ac2c6dd30a4ae46b2a172c '   itemscope=\"itemscope\" itemtype=\"https:\/\/schema.org\/CreativeWork\" ><div class='avia_textblock'  itemprop=\"text\" ><blockquote>\n<p>Accessoires CLAAS Original &#8211; L&rsquo;id\u00e9al pour compl\u00e9ter votre machine<\/p>\n<\/blockquote>\n<article class=\"nx-gbox ym-gbox wtmt ym-clearfix\">\n<div class=\"ym-g100\">\n<div>\n<p>Surmontez toutes les situations gr\u00e2ce \u00e0 une large gamme de masses avant et un syst\u00e8me vid\u00e9o de qualit\u00e9. Nos si\u00e8ges ergonomiques, nos radios et tous nos autres accessoires rendront votre cabine plus confortable et vous aideront \u00e0 surmonter les longues journ\u00e9es de travail.<\/p>\n<\/div>\n<\/div>\n<\/article>\n<\/div><\/section><br \/>\n\n<style type=\"text\/css\" data-created_by=\"avia_inline_auto\" id=\"style-css-av-u4yi26-0dcee51aea96c9f4026bd1ef2e5187e0\">\n#top .avia-gallery.av-u4yi26-0dcee51aea96c9f4026bd1ef2e5187e0 .avia-gallery-thumb a{\nwidth:33.3333%;\n}\n<\/style>\n<div  class='avia-gallery av-u4yi26-0dcee51aea96c9f4026bd1ef2e5187e0 avia_animate_when_visible  avia-builder-el-10  el_after_av_textblock  avia-builder-el-last  deactivate_avia_lazyload avia-gallery-animate avia-gallery-2'  itemprop=\"image\" itemscope=\"itemscope\" itemtype=\"https:\/\/schema.org\/ImageObject\" ><meta itemprop=\"contentURL\" content=\"https:\/\/www.ag-tec.be\/fr\/services\/pieces-de-rechange\/\"><div class='avia-gallery-thumb'><a href=\"https:\/\/www.ag-tec.be\/wp-content\/uploads\/2017\/07\/Acc1-2.jpg\" data-rel='gallery-2' data-prev-img='https:\/\/www.ag-tec.be\/wp-content\/uploads\/2017\/07\/Acc1-2.jpg' class='first_thumb lightbox ' data-onclick='1' title='Acc1'  itemprop=\"thumbnailUrl\"  ><img decoding=\"async\" fetchpriority=\"high\" class=\"wp-image-13492 avia-img-lazy-loading-not-13492\"   src=\"https:\/\/www.ag-tec.be\/wp-content\/uploads\/2017\/07\/Acc1-2.jpg\" width=\"260\" height=\"145\"  title='Acc1' alt='' \/><div class='big-prev-fake'><img decoding=\"async\" loading=\"lazy\" class=\"wp-image-13492 avia-img-lazy-loading-13492\"  width=\"260\" height=\"145\" src=\"https:\/\/www.ag-tec.be\/wp-content\/uploads\/2017\/07\/Acc1-2.jpg\" title='Acc1' alt='' \/><\/div><\/a><a href=\"https:\/\/www.ag-tec.be\/wp-content\/uploads\/2017\/07\/Tapis-1.jpg\" data-srcset=\"https:\/\/www.ag-tec.be\/wp-content\/uploads\/2017\/07\/Tapis-1.jpg 400w, https:\/\/www.ag-tec.be\/wp-content\/uploads\/2017\/07\/Tapis-1-300x169.jpg 300w\" data-sizes=\"(max-width: 400px) 100vw, 400px\" data-rel='gallery-2' data-prev-img='https:\/\/www.ag-tec.be\/wp-content\/uploads\/2017\/07\/Tapis-1.jpg' class='lightbox ' data-onclick='2' title='Tapis'  itemprop=\"thumbnailUrl\"  ><img decoding=\"async\" fetchpriority=\"high\" class=\"wp-image-13496 avia-img-lazy-loading-not-13496\"   src=\"https:\/\/www.ag-tec.be\/wp-content\/uploads\/2017\/07\/Tapis-1.jpg\" width=\"400\" height=\"225\"  title='Tapis' alt='' srcset=\"https:\/\/www.ag-tec.be\/wp-content\/uploads\/2017\/07\/Tapis-1.jpg 400w, https:\/\/www.ag-tec.be\/wp-content\/uploads\/2017\/07\/Tapis-1-300x169.jpg 300w\" sizes=\"(max-width: 400px) 100vw, 400px\" \/><div class='big-prev-fake'><img decoding=\"async\" loading=\"lazy\" class=\"wp-image-13496 avia-img-lazy-loading-13496\"  width=\"400\" height=\"225\" src=\"https:\/\/www.ag-tec.be\/wp-content\/uploads\/2017\/07\/Tapis-1.jpg\" title='Tapis' alt='' srcset=\"https:\/\/www.ag-tec.be\/wp-content\/uploads\/2017\/07\/Tapis-1.jpg 400w, https:\/\/www.ag-tec.be\/wp-content\/uploads\/2017\/07\/Tapis-1-300x169.jpg 300w\" sizes=\"auto, (max-width: 400px) 100vw, 400px\" \/><\/div><\/a><a href=\"https:\/\/www.ag-tec.be\/wp-content\/uploads\/2017\/07\/Video2-1.jpg\" data-rel='gallery-2' data-prev-img='https:\/\/www.ag-tec.be\/wp-content\/uploads\/2017\/07\/Video2-1.jpg' class='lightbox ' data-onclick='3' title='Video2'  itemprop=\"thumbnailUrl\"  ><img decoding=\"async\" fetchpriority=\"high\" class=\"wp-image-13498 avia-img-lazy-loading-not-13498\"   src=\"https:\/\/www.ag-tec.be\/wp-content\/uploads\/2017\/07\/Video2-1.jpg\" width=\"260\" height=\"145\"  title='Video2' alt='' \/><div class='big-prev-fake'><img decoding=\"async\" loading=\"lazy\" class=\"wp-image-13498 avia-img-lazy-loading-13498\"  width=\"260\" height=\"145\" src=\"https:\/\/www.ag-tec.be\/wp-content\/uploads\/2017\/07\/Video2-1.jpg\" title='Video2' alt='' \/><\/div><\/a><\/div><\/div><\/p><\/div><\/div><!--close column table wrapper. Autoclose: 1 --><\/p>\n","protected":false},"excerpt":{"rendered":"","protected":false},"author":23,"featured_media":0,"parent":27,"menu_order":30,"comment_status":"closed","ping_status":"closed","template":"","meta":{"_acf_changed":false,"footnotes":""},"class_list":["post-13454","page","type-page","status-publish","hentry"],"acf":[],"yoast_head":"<!-- This site is optimized with the Yoast SEO plugin v27.4 - https:\/\/yoast.com\/product\/yoast-seo-wordpress\/ -->\n<title>Pi\u00e8ces et accessoires &#8212; AG-TEC<\/title>\n<meta name=\"robots\" content=\"index, follow, max-snippet:-1, max-image-preview:large, max-video-preview:-1\" \/>\n<link rel=\"canonical\" href=\"https:\/\/www.ag-tec.be\/fr\/services\/pieces-de-rechange\/\" \/>\n<meta property=\"og:locale\" content=\"fr_FR\" \/>\n<meta property=\"og:type\" content=\"article\" \/>\n<meta property=\"og:title\" content=\"Pi\u00e8ces et accessoires &#8212; AG-TEC\" \/>\n<meta property=\"og:url\" content=\"https:\/\/www.ag-tec.be\/fr\/services\/pieces-de-rechange\/\" \/>\n<meta property=\"og:site_name\" content=\"AG-TEC\" \/>\n<meta property=\"article:modified_time\" content=\"2021-04-23T12:02:20+00:00\" \/>\n<meta property=\"og:image\" content=\"https:\/\/www.ag-tec.be\/wp-content\/uploads\/2021\/04\/PartsDoc-300x167.jpg\" \/>\n<meta name=\"twitter:card\" content=\"summary_large_image\" \/>\n<meta name=\"twitter:label1\" content=\"Dur\u00e9e de lecture estim\u00e9e\" \/>\n\t<meta name=\"twitter:data1\" content=\"4 minutes\" \/>\n<script type=\"application\/ld+json\" class=\"yoast-schema-graph\">{\"@context\":\"https:\\\/\\\/schema.org\",\"@graph\":[{\"@type\":\"WebPage\",\"@id\":\"https:\\\/\\\/www.ag-tec.be\\\/fr\\\/services\\\/pieces-de-rechange\\\/\",\"url\":\"https:\\\/\\\/www.ag-tec.be\\\/fr\\\/services\\\/pieces-de-rechange\\\/\",\"name\":\"Pi\u00e8ces et accessoires &#8212; AG-TEC\",\"isPartOf\":{\"@id\":\"https:\\\/\\\/www.ag-tec.be\\\/fr\\\/#website\"},\"primaryImageOfPage\":{\"@id\":\"https:\\\/\\\/www.ag-tec.be\\\/fr\\\/services\\\/pieces-de-rechange\\\/#primaryimage\"},\"image\":{\"@id\":\"https:\\\/\\\/www.ag-tec.be\\\/fr\\\/services\\\/pieces-de-rechange\\\/#primaryimage\"},\"thumbnailUrl\":\"https:\\\/\\\/www.ag-tec.be\\\/wp-content\\\/uploads\\\/2021\\\/04\\\/PartsDoc-300x167.jpg\",\"datePublished\":\"2017-07-13T12:52:19+00:00\",\"dateModified\":\"2021-04-23T12:02:20+00:00\",\"breadcrumb\":{\"@id\":\"https:\\\/\\\/www.ag-tec.be\\\/fr\\\/services\\\/pieces-de-rechange\\\/#breadcrumb\"},\"inLanguage\":\"fr-FR\",\"potentialAction\":[{\"@type\":\"ReadAction\",\"target\":[\"https:\\\/\\\/www.ag-tec.be\\\/fr\\\/services\\\/pieces-de-rechange\\\/\"]}]},{\"@type\":\"ImageObject\",\"inLanguage\":\"fr-FR\",\"@id\":\"https:\\\/\\\/www.ag-tec.be\\\/fr\\\/services\\\/pieces-de-rechange\\\/#primaryimage\",\"url\":\"https:\\\/\\\/www.ag-tec.be\\\/wp-content\\\/uploads\\\/2021\\\/04\\\/PartsDoc-300x167.jpg\",\"contentUrl\":\"https:\\\/\\\/www.ag-tec.be\\\/wp-content\\\/uploads\\\/2021\\\/04\\\/PartsDoc-300x167.jpg\"},{\"@type\":\"BreadcrumbList\",\"@id\":\"https:\\\/\\\/www.ag-tec.be\\\/fr\\\/services\\\/pieces-de-rechange\\\/#breadcrumb\",\"itemListElement\":[{\"@type\":\"ListItem\",\"position\":1,\"name\":\"Home\",\"item\":\"https:\\\/\\\/www.ag-tec.be\\\/fr\\\/\"},{\"@type\":\"ListItem\",\"position\":2,\"name\":\"Services\",\"item\":\"https:\\\/\\\/www.ag-tec.be\\\/fr\\\/services\\\/\"},{\"@type\":\"ListItem\",\"position\":3,\"name\":\"Pi\u00e8ces et accessoires\"}]},{\"@type\":\"WebSite\",\"@id\":\"https:\\\/\\\/www.ag-tec.be\\\/fr\\\/#website\",\"url\":\"https:\\\/\\\/www.ag-tec.be\\\/fr\\\/\",\"name\":\"AG-TEC\",\"description\":\"CLAAS Belgium\",\"publisher\":{\"@id\":\"https:\\\/\\\/www.ag-tec.be\\\/fr\\\/#organization\"},\"potentialAction\":[{\"@type\":\"SearchAction\",\"target\":{\"@type\":\"EntryPoint\",\"urlTemplate\":\"https:\\\/\\\/www.ag-tec.be\\\/fr\\\/?s={search_term_string}\"},\"query-input\":{\"@type\":\"PropertyValueSpecification\",\"valueRequired\":true,\"valueName\":\"search_term_string\"}}],\"inLanguage\":\"fr-FR\"},{\"@type\":\"Organization\",\"@id\":\"https:\\\/\\\/www.ag-tec.be\\\/fr\\\/#organization\",\"name\":\"AG-TEC\",\"url\":\"https:\\\/\\\/www.ag-tec.be\\\/fr\\\/\",\"logo\":{\"@type\":\"ImageObject\",\"inLanguage\":\"fr-FR\",\"@id\":\"https:\\\/\\\/www.ag-tec.be\\\/fr\\\/#\\\/schema\\\/logo\\\/image\\\/\",\"url\":\"https:\\\/\\\/www.ag-tec.be\\\/wp-content\\\/uploads\\\/2017\\\/06\\\/AG-TEC-Logo-340p-e1497941604776.jpg\",\"contentUrl\":\"https:\\\/\\\/www.ag-tec.be\\\/wp-content\\\/uploads\\\/2017\\\/06\\\/AG-TEC-Logo-340p-e1497941604776.jpg\",\"width\":200,\"height\":55,\"caption\":\"AG-TEC\"},\"image\":{\"@id\":\"https:\\\/\\\/www.ag-tec.be\\\/fr\\\/#\\\/schema\\\/logo\\\/image\\\/\"}}]}<\/script>\n<!-- \/ Yoast SEO plugin. -->","yoast_head_json":{"title":"Pi\u00e8ces et accessoires &#8212; AG-TEC","robots":{"index":"index","follow":"follow","max-snippet":"max-snippet:-1","max-image-preview":"max-image-preview:large","max-video-preview":"max-video-preview:-1"},"canonical":"https:\/\/www.ag-tec.be\/fr\/services\/pieces-de-rechange\/","og_locale":"fr_FR","og_type":"article","og_title":"Pi\u00e8ces et accessoires &#8212; AG-TEC","og_url":"https:\/\/www.ag-tec.be\/fr\/services\/pieces-de-rechange\/","og_site_name":"AG-TEC","article_modified_time":"2021-04-23T12:02:20+00:00","og_image":[{"url":"https:\/\/www.ag-tec.be\/wp-content\/uploads\/2021\/04\/PartsDoc-300x167.jpg","type":"","width":"","height":""}],"twitter_card":"summary_large_image","twitter_misc":{"Dur\u00e9e de lecture estim\u00e9e":"4 minutes"},"schema":{"@context":"https:\/\/schema.org","@graph":[{"@type":"WebPage","@id":"https:\/\/www.ag-tec.be\/fr\/services\/pieces-de-rechange\/","url":"https:\/\/www.ag-tec.be\/fr\/services\/pieces-de-rechange\/","name":"Pi\u00e8ces et accessoires &#8212; AG-TEC","isPartOf":{"@id":"https:\/\/www.ag-tec.be\/fr\/#website"},"primaryImageOfPage":{"@id":"https:\/\/www.ag-tec.be\/fr\/services\/pieces-de-rechange\/#primaryimage"},"image":{"@id":"https:\/\/www.ag-tec.be\/fr\/services\/pieces-de-rechange\/#primaryimage"},"thumbnailUrl":"https:\/\/www.ag-tec.be\/wp-content\/uploads\/2021\/04\/PartsDoc-300x167.jpg","datePublished":"2017-07-13T12:52:19+00:00","dateModified":"2021-04-23T12:02:20+00:00","breadcrumb":{"@id":"https:\/\/www.ag-tec.be\/fr\/services\/pieces-de-rechange\/#breadcrumb"},"inLanguage":"fr-FR","potentialAction":[{"@type":"ReadAction","target":["https:\/\/www.ag-tec.be\/fr\/services\/pieces-de-rechange\/"]}]},{"@type":"ImageObject","inLanguage":"fr-FR","@id":"https:\/\/www.ag-tec.be\/fr\/services\/pieces-de-rechange\/#primaryimage","url":"https:\/\/www.ag-tec.be\/wp-content\/uploads\/2021\/04\/PartsDoc-300x167.jpg","contentUrl":"https:\/\/www.ag-tec.be\/wp-content\/uploads\/2021\/04\/PartsDoc-300x167.jpg"},{"@type":"BreadcrumbList","@id":"https:\/\/www.ag-tec.be\/fr\/services\/pieces-de-rechange\/#breadcrumb","itemListElement":[{"@type":"ListItem","position":1,"name":"Home","item":"https:\/\/www.ag-tec.be\/fr\/"},{"@type":"ListItem","position":2,"name":"Services","item":"https:\/\/www.ag-tec.be\/fr\/services\/"},{"@type":"ListItem","position":3,"name":"Pi\u00e8ces et accessoires"}]},{"@type":"WebSite","@id":"https:\/\/www.ag-tec.be\/fr\/#website","url":"https:\/\/www.ag-tec.be\/fr\/","name":"AG-TEC","description":"CLAAS Belgium","publisher":{"@id":"https:\/\/www.ag-tec.be\/fr\/#organization"},"potentialAction":[{"@type":"SearchAction","target":{"@type":"EntryPoint","urlTemplate":"https:\/\/www.ag-tec.be\/fr\/?s={search_term_string}"},"query-input":{"@type":"PropertyValueSpecification","valueRequired":true,"valueName":"search_term_string"}}],"inLanguage":"fr-FR"},{"@type":"Organization","@id":"https:\/\/www.ag-tec.be\/fr\/#organization","name":"AG-TEC","url":"https:\/\/www.ag-tec.be\/fr\/","logo":{"@type":"ImageObject","inLanguage":"fr-FR","@id":"https:\/\/www.ag-tec.be\/fr\/#\/schema\/logo\/image\/","url":"https:\/\/www.ag-tec.be\/wp-content\/uploads\/2017\/06\/AG-TEC-Logo-340p-e1497941604776.jpg","contentUrl":"https:\/\/www.ag-tec.be\/wp-content\/uploads\/2017\/06\/AG-TEC-Logo-340p-e1497941604776.jpg","width":200,"height":55,"caption":"AG-TEC"},"image":{"@id":"https:\/\/www.ag-tec.be\/fr\/#\/schema\/logo\/image\/"}}]}},"_links":{"self":[{"href":"https:\/\/www.ag-tec.be\/fr\/wp-json\/wp\/v2\/pages\/13454","targetHints":{"allow":["GET"]}}],"collection":[{"href":"https:\/\/www.ag-tec.be\/fr\/wp-json\/wp\/v2\/pages"}],"about":[{"href":"https:\/\/www.ag-tec.be\/fr\/wp-json\/wp\/v2\/types\/page"}],"author":[{"embeddable":true,"href":"https:\/\/www.ag-tec.be\/fr\/wp-json\/wp\/v2\/users\/23"}],"replies":[{"embeddable":true,"href":"https:\/\/www.ag-tec.be\/fr\/wp-json\/wp\/v2\/comments?post=13454"}],"version-history":[{"count":0,"href":"https:\/\/www.ag-tec.be\/fr\/wp-json\/wp\/v2\/pages\/13454\/revisions"}],"up":[{"embeddable":true,"href":"https:\/\/www.ag-tec.be\/fr\/wp-json\/wp\/v2\/pages\/27"}],"wp:attachment":[{"href":"https:\/\/www.ag-tec.be\/fr\/wp-json\/wp\/v2\/media?parent=13454"}],"curies":[{"name":"wp","href":"https:\/\/api.w.org\/{rel}","templated":true}]}}