{"id":13504,"date":"2017-07-13T15:39:28","date_gmt":"2017-07-13T13:39:28","guid":{"rendered":"https:\/\/www.ag-tec.be\/?page_id=13504\/"},"modified":"2021-11-30T16:22:45","modified_gmt":"2021-11-30T14:22:45","slug":"maintenance","status":"publish","type":"page","link":"https:\/\/www.ag-tec.be\/fr\/services\/maintenance\/","title":{"rendered":"Maintenance"},"content":{"rendered":"<div  class='flex_column av-av_one_full-2a9015ff38129c418a3f2eafba3e9512 av_one_full  avia-builder-el-0  el_before_av_two_third  avia-builder-el-first  first flex_column_div  '     ><style type=\"text\/css\" data-created_by=\"avia_inline_auto\" id=\"style-css-av-kwm6vibb-51730c508203cccfb509d7fe637f4138\">\n#top .av-special-heading.av-kwm6vibb-51730c508203cccfb509d7fe637f4138{\npadding-bottom:10px;\n}\nbody .av-special-heading.av-kwm6vibb-51730c508203cccfb509d7fe637f4138 .av-special-heading-tag .heading-char{\nfont-size:25px;\n}\n.av-special-heading.av-kwm6vibb-51730c508203cccfb509d7fe637f4138 .av-subheading{\nfont-size:18px;\n}\n<\/style>\n<div  class='av-special-heading av-kwm6vibb-51730c508203cccfb509d7fe637f4138 av-special-heading-h1 blockquote modern-quote  avia-builder-el-1  avia-builder-el-no-sibling '><h1 class='av-special-heading-tag '  itemprop=\"headline\"  >Maintenance<\/h1><div class='av-subheading av-subheading_below'><p>Maximisez la fiabilit\u00e9 de vos machines<\/p>\n<\/div><div class=\"special-heading-border\"><div class=\"special-heading-inner-border\"><\/div><\/div><\/div><\/div><div class='flex_column_table av-av_two_third-9e77ada723822025be33ef76ad1bae35 sc-av_two_third av-equal-height-column-flextable'>\n<style type=\"text\/css\" data-created_by=\"avia_inline_auto\" id=\"style-css-av-av_two_third-9e77ada723822025be33ef76ad1bae35\">\n.flex_column.av-av_two_third-9e77ada723822025be33ef76ad1bae35{\nborder-radius:0px 0px 0px 0px;\npadding:0px 0px 0px 0px;\n}\n<\/style>\n<div  class='flex_column av-av_two_third-9e77ada723822025be33ef76ad1bae35 av_two_third  avia-builder-el-2  el_after_av_one_full  el_before_av_one_third  first flex_column_table_cell av-equal-height-column av-align-top av-zero-column-padding  column-top-margin'     ><section  class='av_textblock_section av-kwm6wd08-8b62a6f8b96f0514b8d6e04b7de5726d '   itemscope=\"itemscope\" itemtype=\"https:\/\/schema.org\/CreativeWork\" ><div class='avia_textblock'  itemprop=\"text\" ><p>Du contrat AGPROTEC au contrat de maintenance en passant par\u00a0l&rsquo;entretien pr\u00e9ventif\u00a0et le t\u00e9l\u00e9diagnostic \u00e9lectronique CLAAS TELEMATICS, nous vous offrons \u00e0 vous et \u00e0 vos machines une assistance\u00a0permanente tout au long de l&rsquo;ann\u00e9e pour vous garantir\u00a0le fonctionnement optimal de votre mat\u00e9riel.<\/p>\n<blockquote>\n<p><a href=\"https:\/\/www.ag-tec.be\/fr\/services\/entretien_preventif\/\">Recevez des cadeaux pour tout contr\u00f4le hivernal<\/a>.*<\/p>\n<\/blockquote>\n<article class=\"nx-gbox ym-gbox wtmt ym-clearfix\">\n<div class=\"ym-g100\">\n<p>En optant pour des pi\u00e8ces d&rsquo;origine CLAAS, vous maximisez la fiabilit\u00e9 de votre machine. Ces composants de tr\u00e8s grande qualit\u00e9 sont fabriqu\u00e9s selon les m\u00e9thodes de production les plus pointues et sont soumis \u00e0 des contr\u00f4les qualit\u00e9 extr\u00eamement s\u00e9v\u00e8res, pour des rendements plus \u00e9lev\u00e9s qu&rsquo;avec des pi\u00e8ces d&rsquo;imitation vendues \u00e0 des prix a priori plus int\u00e9ressants.<\/p>\n<p>Profitez de notre offre exceptionnelle pour faire entretenir ou r\u00e9parer votre machine. En guise de remerciement, vous recevrez gratuitement des accessoires CLAAS en fonction de la quantit\u00e9 de pi\u00e8ces d&rsquo;origine CLAAS utilis\u00e9es.<\/p>\n<h3><\/h3>\n<\/div>\n<\/article>\n<\/div><\/section><\/div><div class='av-flex-placeholder'><\/div>\n<style type=\"text\/css\" data-created_by=\"avia_inline_auto\" id=\"style-css-av-av_one_third-0aa7055fe62c3622faec82866afbaeb2\">\n.flex_column.av-av_one_third-0aa7055fe62c3622faec82866afbaeb2{\nborder-radius:0px 0px 0px 0px;\npadding:0px 0px 0px 0px;\n}\n<\/style>\n<div  class='flex_column av-av_one_third-0aa7055fe62c3622faec82866afbaeb2 av_one_third  avia-builder-el-4  el_after_av_two_third  el_before_av_two_third  flex_column_table_cell av-equal-height-column av-align-top av-zero-column-padding  column-top-margin'     ><style type=\"text\/css\" data-created_by=\"avia_inline_auto\" id=\"style-css-av-av_image-b8a38ea38adf50b5c6534daeb2499f9f\">\n.avia-image-container.av-av_image-b8a38ea38adf50b5c6534daeb2499f9f img.avia_image{\nbox-shadow:none;\n}\n.avia-image-container.av-av_image-b8a38ea38adf50b5c6534daeb2499f9f .av-image-caption-overlay-center{\ncolor:#ffffff;\n}\n<\/style>\n<div  class='avia-image-container av-av_image-b8a38ea38adf50b5c6534daeb2499f9f av-styling- avia-align-center  avia-builder-el-5  avia-builder-el-no-sibling '   itemprop=\"image\" itemscope=\"itemscope\" itemtype=\"https:\/\/schema.org\/ImageObject\" ><div class=\"avia-image-container-inner\"><div class=\"avia-image-overlay-wrap\"><img decoding=\"async\" fetchpriority=\"high\" class='wp-image-13508 avia-img-lazy-loading-not-13508 avia_image ' src=\"https:\/\/www.ag-tec.be\/wp-content\/uploads\/2017\/07\/Maintenance-300x300.jpg\" alt='' title='Maintenance'  height=\"300\" width=\"300\"  itemprop=\"thumbnailUrl\" srcset=\"https:\/\/www.ag-tec.be\/wp-content\/uploads\/2017\/07\/Maintenance-300x300.jpg 300w, https:\/\/www.ag-tec.be\/wp-content\/uploads\/2017\/07\/Maintenance-80x80.jpg 80w, https:\/\/www.ag-tec.be\/wp-content\/uploads\/2017\/07\/Maintenance.jpg 400w\" sizes=\"(max-width: 300px) 100vw, 300px\" \/><\/div><\/div><\/div><\/div><\/div><!--close column table wrapper. Autoclose: 1 --><\/p>\n<div class='flex_column_table av-av_two_third-9e77ada723822025be33ef76ad1bae35 sc-av_two_third av-equal-height-column-flextable'>\n<style type=\"text\/css\" data-created_by=\"avia_inline_auto\" id=\"style-css-av-av_two_third-9e77ada723822025be33ef76ad1bae35\">\n.flex_column.av-av_two_third-9e77ada723822025be33ef76ad1bae35{\nborder-radius:0px 0px 0px 0px;\npadding:0px 0px 0px 0px;\n}\n<\/style>\n<div  class='flex_column av-av_two_third-9e77ada723822025be33ef76ad1bae35 av_two_third  avia-builder-el-6  el_after_av_one_third  el_before_av_one_third  first flex_column_table_cell av-equal-height-column av-align-top av-zero-column-padding  column-top-margin'     ><section  class='av_textblock_section av-av_textblock-283972ea15f2e73870c23e2d6de3245d '   itemscope=\"itemscope\" itemtype=\"https:\/\/schema.org\/CreativeWork\" ><div class='avia_textblock'  itemprop=\"text\" ><blockquote>\n<p>Ma\u00eetrise totale des co\u00fbts et protection sans faille de votre machine.<\/p>\n<\/blockquote>\n<p>Avec le contrat de maintenance CLAAS, votre concessionnaire CLAAS vous propose une prestation de haute qualit\u00e9 pour garantir la fiabilit\u00e9 de votre machine \u00e0 tout moment.\u00a0En plus\u00a0de\u00a0l&rsquo;Entretien Pr\u00e9ventif, le contrat de maintenance inclut une s\u00e9rie de contr\u00f4les et de travaux d&rsquo;entretien. Avec le contrat de maintenance CLAAS, vous savez que l&rsquo;on prend soin de votre machine.\u00a0Dans nos ateliers, nos techniciens\u00a0qualifi\u00e9s utilisent des pi\u00e8ces de rechange et des consommables CLAAS ORIGINAL pour garantir une protection optimale de votre machine. Si une r\u00e9paration s&rsquo;av\u00e8re n\u00e9cessaire, votre concessionnaire vous fournira un diagnostic pr\u00e9cis ainsi qu&rsquo;un devis\u00a0pour vous \u00e9viter toute surprise.<\/p>\n<p>Renseignez-vous aupr\u00e8s de <a href=\"https:\/\/www.ag-tec.be\/fr\/reseau\/\">votre concessionnaire CLAAS.<\/a><\/p>\n<article class=\"nx-gbox ym-gbox wtmt ym-clearfix\">\n<div class=\"ym-g100\"><\/div>\n<\/article>\n<\/div><\/section><\/div>\n<div class='av-flex-placeholder'><\/div>\n<style type=\"text\/css\" data-created_by=\"avia_inline_auto\" id=\"style-css-av-av_one_third-0aa7055fe62c3622faec82866afbaeb2\">\n.flex_column.av-av_one_third-0aa7055fe62c3622faec82866afbaeb2{\nborder-radius:0px 0px 0px 0px;\npadding:0px 0px 0px 0px;\n}\n<\/style>\n<div  class='flex_column av-av_one_third-0aa7055fe62c3622faec82866afbaeb2 av_one_third  avia-builder-el-8  el_after_av_two_third  avia-builder-el-last  flex_column_table_cell av-equal-height-column av-align-top av-zero-column-padding  column-top-margin'     ><style type=\"text\/css\" data-created_by=\"avia_inline_auto\" id=\"style-css-av-av_image-07df34dde6fa5b057ccbba3050056934\">\n.avia-image-container.av-av_image-07df34dde6fa5b057ccbba3050056934 img.avia_image{\nbox-shadow:none;\n}\n.avia-image-container.av-av_image-07df34dde6fa5b057ccbba3050056934 .av-image-caption-overlay-center{\ncolor:#ffffff;\n}\n<\/style>\n<div  class='avia-image-container av-av_image-07df34dde6fa5b057ccbba3050056934 av-styling- avia-align-center  avia-builder-el-9  avia-builder-el-no-sibling '   itemprop=\"image\" itemscope=\"itemscope\" itemtype=\"https:\/\/schema.org\/ImageObject\" ><div class=\"avia-image-container-inner\"><div class=\"avia-image-overlay-wrap\"><img decoding=\"async\" fetchpriority=\"high\" class='wp-image-13509 avia-img-lazy-loading-not-13509 avia_image ' src=\"https:\/\/www.ag-tec.be\/wp-content\/uploads\/2017\/07\/Maintenance2-300x169.jpg\" alt='' title='Maintenance2'  height=\"169\" width=\"300\"  itemprop=\"thumbnailUrl\" srcset=\"https:\/\/www.ag-tec.be\/wp-content\/uploads\/2017\/07\/Maintenance2-300x169.jpg 300w, https:\/\/www.ag-tec.be\/wp-content\/uploads\/2017\/07\/Maintenance2.jpg 400w\" sizes=\"(max-width: 300px) 100vw, 300px\" \/><\/div><\/div><\/div><\/div><\/div><!--close column table wrapper. Autoclose: 1 -->\n","protected":false},"excerpt":{"rendered":"","protected":false},"author":23,"featured_media":0,"parent":27,"menu_order":30,"comment_status":"closed","ping_status":"closed","template":"","meta":{"_acf_changed":false,"footnotes":""},"class_list":["post-13504","page","type-page","status-publish","hentry"],"acf":[],"yoast_head":"<!-- This site is optimized with the Yoast SEO plugin v27.4 - https:\/\/yoast.com\/product\/yoast-seo-wordpress\/ -->\n<title>Maintenance &#8212; AG-TEC<\/title>\n<meta name=\"robots\" content=\"index, follow, max-snippet:-1, max-image-preview:large, max-video-preview:-1\" \/>\n<link rel=\"canonical\" href=\"https:\/\/www.ag-tec.be\/fr\/services\/maintenance\/\" \/>\n<meta property=\"og:locale\" content=\"fr_FR\" \/>\n<meta property=\"og:type\" content=\"article\" \/>\n<meta property=\"og:title\" content=\"Maintenance &#8212; AG-TEC\" \/>\n<meta property=\"og:url\" content=\"https:\/\/www.ag-tec.be\/fr\/services\/maintenance\/\" \/>\n<meta property=\"og:site_name\" content=\"AG-TEC\" \/>\n<meta property=\"article:modified_time\" content=\"2021-11-30T14:22:45+00:00\" \/>\n<meta name=\"twitter:card\" content=\"summary_large_image\" \/>\n<meta name=\"twitter:label1\" content=\"Dur\u00e9e de lecture estim\u00e9e\" \/>\n\t<meta name=\"twitter:data1\" content=\"4 minutes\" \/>\n<script type=\"application\/ld+json\" class=\"yoast-schema-graph\">{\"@context\":\"https:\\\/\\\/schema.org\",\"@graph\":[{\"@type\":\"WebPage\",\"@id\":\"https:\\\/\\\/www.ag-tec.be\\\/fr\\\/services\\\/maintenance\\\/\",\"url\":\"https:\\\/\\\/www.ag-tec.be\\\/fr\\\/services\\\/maintenance\\\/\",\"name\":\"Maintenance &#8212; AG-TEC\",\"isPartOf\":{\"@id\":\"https:\\\/\\\/www.ag-tec.be\\\/fr\\\/#website\"},\"datePublished\":\"2017-07-13T13:39:28+00:00\",\"dateModified\":\"2021-11-30T14:22:45+00:00\",\"breadcrumb\":{\"@id\":\"https:\\\/\\\/www.ag-tec.be\\\/fr\\\/services\\\/maintenance\\\/#breadcrumb\"},\"inLanguage\":\"fr-FR\",\"potentialAction\":[{\"@type\":\"ReadAction\",\"target\":[\"https:\\\/\\\/www.ag-tec.be\\\/fr\\\/services\\\/maintenance\\\/\"]}]},{\"@type\":\"BreadcrumbList\",\"@id\":\"https:\\\/\\\/www.ag-tec.be\\\/fr\\\/services\\\/maintenance\\\/#breadcrumb\",\"itemListElement\":[{\"@type\":\"ListItem\",\"position\":1,\"name\":\"Home\",\"item\":\"https:\\\/\\\/www.ag-tec.be\\\/fr\\\/\"},{\"@type\":\"ListItem\",\"position\":2,\"name\":\"Services\",\"item\":\"https:\\\/\\\/www.ag-tec.be\\\/fr\\\/services\\\/\"},{\"@type\":\"ListItem\",\"position\":3,\"name\":\"Maintenance\"}]},{\"@type\":\"WebSite\",\"@id\":\"https:\\\/\\\/www.ag-tec.be\\\/fr\\\/#website\",\"url\":\"https:\\\/\\\/www.ag-tec.be\\\/fr\\\/\",\"name\":\"AG-TEC\",\"description\":\"CLAAS Belgium\",\"publisher\":{\"@id\":\"https:\\\/\\\/www.ag-tec.be\\\/fr\\\/#organization\"},\"potentialAction\":[{\"@type\":\"SearchAction\",\"target\":{\"@type\":\"EntryPoint\",\"urlTemplate\":\"https:\\\/\\\/www.ag-tec.be\\\/fr\\\/?s={search_term_string}\"},\"query-input\":{\"@type\":\"PropertyValueSpecification\",\"valueRequired\":true,\"valueName\":\"search_term_string\"}}],\"inLanguage\":\"fr-FR\"},{\"@type\":\"Organization\",\"@id\":\"https:\\\/\\\/www.ag-tec.be\\\/fr\\\/#organization\",\"name\":\"AG-TEC\",\"url\":\"https:\\\/\\\/www.ag-tec.be\\\/fr\\\/\",\"logo\":{\"@type\":\"ImageObject\",\"inLanguage\":\"fr-FR\",\"@id\":\"https:\\\/\\\/www.ag-tec.be\\\/fr\\\/#\\\/schema\\\/logo\\\/image\\\/\",\"url\":\"https:\\\/\\\/www.ag-tec.be\\\/wp-content\\\/uploads\\\/2017\\\/06\\\/AG-TEC-Logo-340p-e1497941604776.jpg\",\"contentUrl\":\"https:\\\/\\\/www.ag-tec.be\\\/wp-content\\\/uploads\\\/2017\\\/06\\\/AG-TEC-Logo-340p-e1497941604776.jpg\",\"width\":200,\"height\":55,\"caption\":\"AG-TEC\"},\"image\":{\"@id\":\"https:\\\/\\\/www.ag-tec.be\\\/fr\\\/#\\\/schema\\\/logo\\\/image\\\/\"}}]}<\/script>\n<!-- \/ Yoast SEO plugin. -->","yoast_head_json":{"title":"Maintenance &#8212; AG-TEC","robots":{"index":"index","follow":"follow","max-snippet":"max-snippet:-1","max-image-preview":"max-image-preview:large","max-video-preview":"max-video-preview:-1"},"canonical":"https:\/\/www.ag-tec.be\/fr\/services\/maintenance\/","og_locale":"fr_FR","og_type":"article","og_title":"Maintenance &#8212; AG-TEC","og_url":"https:\/\/www.ag-tec.be\/fr\/services\/maintenance\/","og_site_name":"AG-TEC","article_modified_time":"2021-11-30T14:22:45+00:00","twitter_card":"summary_large_image","twitter_misc":{"Dur\u00e9e de lecture estim\u00e9e":"4 minutes"},"schema":{"@context":"https:\/\/schema.org","@graph":[{"@type":"WebPage","@id":"https:\/\/www.ag-tec.be\/fr\/services\/maintenance\/","url":"https:\/\/www.ag-tec.be\/fr\/services\/maintenance\/","name":"Maintenance &#8212; AG-TEC","isPartOf":{"@id":"https:\/\/www.ag-tec.be\/fr\/#website"},"datePublished":"2017-07-13T13:39:28+00:00","dateModified":"2021-11-30T14:22:45+00:00","breadcrumb":{"@id":"https:\/\/www.ag-tec.be\/fr\/services\/maintenance\/#breadcrumb"},"inLanguage":"fr-FR","potentialAction":[{"@type":"ReadAction","target":["https:\/\/www.ag-tec.be\/fr\/services\/maintenance\/"]}]},{"@type":"BreadcrumbList","@id":"https:\/\/www.ag-tec.be\/fr\/services\/maintenance\/#breadcrumb","itemListElement":[{"@type":"ListItem","position":1,"name":"Home","item":"https:\/\/www.ag-tec.be\/fr\/"},{"@type":"ListItem","position":2,"name":"Services","item":"https:\/\/www.ag-tec.be\/fr\/services\/"},{"@type":"ListItem","position":3,"name":"Maintenance"}]},{"@type":"WebSite","@id":"https:\/\/www.ag-tec.be\/fr\/#website","url":"https:\/\/www.ag-tec.be\/fr\/","name":"AG-TEC","description":"CLAAS Belgium","publisher":{"@id":"https:\/\/www.ag-tec.be\/fr\/#organization"},"potentialAction":[{"@type":"SearchAction","target":{"@type":"EntryPoint","urlTemplate":"https:\/\/www.ag-tec.be\/fr\/?s={search_term_string}"},"query-input":{"@type":"PropertyValueSpecification","valueRequired":true,"valueName":"search_term_string"}}],"inLanguage":"fr-FR"},{"@type":"Organization","@id":"https:\/\/www.ag-tec.be\/fr\/#organization","name":"AG-TEC","url":"https:\/\/www.ag-tec.be\/fr\/","logo":{"@type":"ImageObject","inLanguage":"fr-FR","@id":"https:\/\/www.ag-tec.be\/fr\/#\/schema\/logo\/image\/","url":"https:\/\/www.ag-tec.be\/wp-content\/uploads\/2017\/06\/AG-TEC-Logo-340p-e1497941604776.jpg","contentUrl":"https:\/\/www.ag-tec.be\/wp-content\/uploads\/2017\/06\/AG-TEC-Logo-340p-e1497941604776.jpg","width":200,"height":55,"caption":"AG-TEC"},"image":{"@id":"https:\/\/www.ag-tec.be\/fr\/#\/schema\/logo\/image\/"}}]}},"_links":{"self":[{"href":"https:\/\/www.ag-tec.be\/fr\/wp-json\/wp\/v2\/pages\/13504","targetHints":{"allow":["GET"]}}],"collection":[{"href":"https:\/\/www.ag-tec.be\/fr\/wp-json\/wp\/v2\/pages"}],"about":[{"href":"https:\/\/www.ag-tec.be\/fr\/wp-json\/wp\/v2\/types\/page"}],"author":[{"embeddable":true,"href":"https:\/\/www.ag-tec.be\/fr\/wp-json\/wp\/v2\/users\/23"}],"replies":[{"embeddable":true,"href":"https:\/\/www.ag-tec.be\/fr\/wp-json\/wp\/v2\/comments?post=13504"}],"version-history":[{"count":0,"href":"https:\/\/www.ag-tec.be\/fr\/wp-json\/wp\/v2\/pages\/13504\/revisions"}],"up":[{"embeddable":true,"href":"https:\/\/www.ag-tec.be\/fr\/wp-json\/wp\/v2\/pages\/27"}],"wp:attachment":[{"href":"https:\/\/www.ag-tec.be\/fr\/wp-json\/wp\/v2\/media?parent=13504"}],"curies":[{"name":"wp","href":"https:\/\/api.w.org\/{rel}","templated":true}]}}