{"id":15810,"date":"2024-11-26T16:00:24","date_gmt":"2024-11-26T14:00:24","guid":{"rendered":"https:\/\/www.ag-tec.be\/night-edition\/"},"modified":"2024-11-26T17:53:03","modified_gmt":"2024-11-26T15:53:03","slug":"night-edition","status":"publish","type":"page","link":"https:\/\/www.ag-tec.be\/fr\/night-edition\/","title":{"rendered":"Night Edition"},"content":{"rendered":"<section  class='av_textblock_section av-m3yiu12r-894b73d6178619c4012a56d6df6737b5 '   itemscope=\"itemscope\" itemtype=\"https:\/\/schema.org\/CreativeWork\" ><div class='avia_textblock'  itemprop=\"text\" ><p><em>Le\u00a0Mans \/ Harsewinkel, novembre 2024. Baptis\u00e9e NIGHT\u00a0EDITION, la s\u00e9rie sp\u00e9ciale qui vient d&rsquo;\u00eatre lanc\u00e9e pour les tracteurs ARION et AXION offre aux agriculteurs et aux entrepreneurs de travaux agricoles un design unique, diff\u00e9renciant, et une panoplie d&rsquo;\u00e9quipements sp\u00e9cifiques. \u00ab\u00a0Des performances de pointe et un look unique \u00e0 un prix imbattable\u00a0? Challenge accept\u00e9.\u00a0\u00bb, telle est la philosophie de cette s\u00e9rie sp\u00e9ciale \u00e0 dur\u00e9e limit\u00e9e.<\/em><\/p>\n<p>Le tracteur est la machine agricole avec laquelle les conducteurs d\u00e9veloppent les liens \u00e9motionnels les plus forts. Ce n&rsquo;est pas sans raison, puisque la plupart des conducteurs passent plusieurs centaines d&rsquo;heures par an sur le si\u00e8ge de leur tracteur, avec des exigences toujours plus \u00e9lev\u00e9es. Le design, l&rsquo;\u00e9quipement de la cabine avec des mat\u00e9riaux haut de gamme et des syst\u00e8mes d&rsquo;infodivertissement de derni\u00e8re g\u00e9n\u00e9ration, mais aussi les possibilit\u00e9s de personnalisation, sont des crit\u00e8res primordiaux pour le bien-\u00eatre du conducteur \u00e0 bord et son identification avec \u00ab\u00a0son\u00a0\u00bb tracteur.<\/p>\n<p>Pour r\u00e9pondre \u00e0 ces attentes, CLAAS vient de lancer une s\u00e9rie sp\u00e9ciale baptis\u00e9e NIGHT EDITION, disponible sur les mod\u00e8les ARION 570 CMATIC, ARION 660 CMATIC, AXION 830 CMATIC, AXION 870 CMATIC, AXION 930 CMATIC et AXION 960 CMATIC.<\/p>\n<p><img decoding=\"async\" class=\"aligncenter\" src=\"https:\/\/www.kampsdewild.nl\/wp-content\/uploads\/2024\/11\/Afbeelding4-1024x557.jpg\" \/><\/p>\n<p><strong>Un look valoris\u00e9 \u00e0 l&rsquo;int\u00e9rieur comme \u00e0 l&rsquo;ext\u00e9rieur<\/strong><\/p>\n<p>La s\u00e9rie sp\u00e9ciale NIGHT\u00a0EDITION se caract\u00e9rise ext\u00e9rieurement par des jantes, un toit de cabine et des carters moteur lat\u00e9raux couleur gris CLAAS. Le monogramme CLAAS sur les flancs du capot moteur est trait\u00e9 en blanc sur fond gris CLAAS. Positionn\u00e9 \u00e9galement sur les flancs du capot moteur, le monogramme NIGHT\u00a0EDITION est mis en valeur, l&#8217;embl\u00e8me de la marque au-dessus des feux de route venant compl\u00e9ter la livr\u00e9e sp\u00e9cifique.<\/p>\n<p>En cabine, le moyeu du volant et le tapis de sol int\u00e8grent un monogramme NIGHT\u00a0EDITION. Les conducteurs b\u00e9n\u00e9ficient d&rsquo;une exp\u00e9rience multim\u00e9dia haut de gamme gr\u00e2ce \u00e0 un autoradio dot\u00e9 de la fonction Apple CarPlay.<\/p>\n<p><img loading=\"lazy\" decoding=\"async\" class=\"wp-image-10974 aligncenter\" src=\"https:\/\/www.kampsdewild.nl\/wp-content\/uploads\/2024\/11\/Afbeelding5-1024x346.jpg\" sizes=\"auto, (max-width: 1024px) 100vw, 1024px\" srcset=\"https:\/\/www.kampsdewild.nl\/wp-content\/uploads\/2024\/11\/Afbeelding5-1024x346.jpg 1024w, https:\/\/www.kampsdewild.nl\/wp-content\/uploads\/2024\/11\/Afbeelding5-300x101.jpg 300w, https:\/\/www.kampsdewild.nl\/wp-content\/uploads\/2024\/11\/Afbeelding5-768x260.jpg 768w, https:\/\/www.kampsdewild.nl\/wp-content\/uploads\/2024\/11\/Afbeelding5.jpg 1390w\" alt=\"\" width=\"1024\" height=\"346\" \/><\/p>\n<p>Les agriculteurs et entrepreneurs de travaux agricoles int\u00e9ress\u00e9s peuvent commander d\u00e8s \u00e0 pr\u00e9sent les mod\u00e8les de la s\u00e9rie sp\u00e9ciale NIGHT\u00a0EDITION aupr\u00e8s de leur concessionnaire CLAAS ou directement sur le site night.claas.com et b\u00e9n\u00e9ficier ainsi d&rsquo;une remise de 5\u00a0000\u00a0euros sur le prix tarif de leur tracteur.<\/p>\n<\/div><\/section>\n<div  class='avia-button-wrap av-m3yivbxe-c3324b0e1bad047f55827c08c9ae2642-wrap avia-button-center  avia-builder-el-1  el_after_av_textblock  el_before_av_button '><a href='https:\/\/www.claas.com\/fr-be\/machines-agricoles\/actions-commerciales\/challenge-accepted'  class='avia-button av-m3yivbxe-c3324b0e1bad047f55827c08c9ae2642 av-link-btn avia-icon_select-no avia-size-small avia-position-center avia-color-green'  target=\"_blank\"  rel=\"noopener noreferrer\"  aria-label=\"Click me\"><span class='avia_iconbox_title' >Click me<\/span><\/a><\/div>\n<div  class='avia-button-wrap av-m3ymy8rk-d0e864ba5b4ab072519563e50ef6f5d4-wrap avia-button-center  avia-builder-el-2  el_after_av_button  avia-builder-el-last '><a href='https:\/\/www.claas.com\/fr-be\/machines-agricoles\/actions-commerciales\/challenge-accepted'  class='avia-button av-m3ymy8rk-d0e864ba5b4ab072519563e50ef6f5d4 av-link-btn avia-icon_select-no avia-size-small avia-position-center avia-color-green'   aria-label=\"Demandez votre bon d\u2019achat\"><span class='avia_iconbox_title' >Demandez votre bon d\u2019achat<\/span><\/a><\/div>\n","protected":false},"excerpt":{"rendered":"","protected":false},"author":25,"featured_media":0,"parent":0,"menu_order":0,"comment_status":"closed","ping_status":"closed","template":"","meta":{"_acf_changed":false,"footnotes":""},"class_list":["post-15810","page","type-page","status-publish","hentry"],"acf":[],"yoast_head":"<!-- This site is optimized with the Yoast SEO plugin v27.4 - https:\/\/yoast.com\/product\/yoast-seo-wordpress\/ -->\n<title>Night Edition &#8212; AG-TEC<\/title>\n<meta name=\"robots\" content=\"index, follow, max-snippet:-1, max-image-preview:large, max-video-preview:-1\" \/>\n<link rel=\"canonical\" href=\"https:\/\/www.ag-tec.be\/fr\/night-edition\/\" \/>\n<meta property=\"og:locale\" content=\"fr_FR\" \/>\n<meta property=\"og:type\" content=\"article\" \/>\n<meta property=\"og:title\" content=\"Night Edition &#8212; AG-TEC\" \/>\n<meta property=\"og:url\" content=\"https:\/\/www.ag-tec.be\/fr\/night-edition\/\" \/>\n<meta property=\"og:site_name\" content=\"AG-TEC\" \/>\n<meta property=\"article:modified_time\" content=\"2024-11-26T15:53:03+00:00\" \/>\n<meta property=\"og:image\" content=\"https:\/\/www.kampsdewild.nl\/wp-content\/uploads\/2024\/11\/Afbeelding4-1024x557.jpg\" \/>\n<meta name=\"twitter:card\" content=\"summary_large_image\" \/>\n<meta name=\"twitter:label1\" content=\"Dur\u00e9e de lecture estim\u00e9e\" \/>\n\t<meta name=\"twitter:data1\" content=\"3 minutes\" \/>\n<script type=\"application\/ld+json\" class=\"yoast-schema-graph\">{\"@context\":\"https:\\\/\\\/schema.org\",\"@graph\":[{\"@type\":\"WebPage\",\"@id\":\"https:\\\/\\\/www.ag-tec.be\\\/fr\\\/night-edition\\\/\",\"url\":\"https:\\\/\\\/www.ag-tec.be\\\/fr\\\/night-edition\\\/\",\"name\":\"Night Edition &#8212; AG-TEC\",\"isPartOf\":{\"@id\":\"https:\\\/\\\/www.ag-tec.be\\\/fr\\\/#website\"},\"primaryImageOfPage\":{\"@id\":\"https:\\\/\\\/www.ag-tec.be\\\/fr\\\/night-edition\\\/#primaryimage\"},\"image\":{\"@id\":\"https:\\\/\\\/www.ag-tec.be\\\/fr\\\/night-edition\\\/#primaryimage\"},\"thumbnailUrl\":\"https:\\\/\\\/www.kampsdewild.nl\\\/wp-content\\\/uploads\\\/2024\\\/11\\\/Afbeelding4-1024x557.jpg\",\"datePublished\":\"2024-11-26T14:00:24+00:00\",\"dateModified\":\"2024-11-26T15:53:03+00:00\",\"breadcrumb\":{\"@id\":\"https:\\\/\\\/www.ag-tec.be\\\/fr\\\/night-edition\\\/#breadcrumb\"},\"inLanguage\":\"fr-FR\",\"potentialAction\":[{\"@type\":\"ReadAction\",\"target\":[\"https:\\\/\\\/www.ag-tec.be\\\/fr\\\/night-edition\\\/\"]}]},{\"@type\":\"ImageObject\",\"inLanguage\":\"fr-FR\",\"@id\":\"https:\\\/\\\/www.ag-tec.be\\\/fr\\\/night-edition\\\/#primaryimage\",\"url\":\"https:\\\/\\\/www.kampsdewild.nl\\\/wp-content\\\/uploads\\\/2024\\\/11\\\/Afbeelding4-1024x557.jpg\",\"contentUrl\":\"https:\\\/\\\/www.kampsdewild.nl\\\/wp-content\\\/uploads\\\/2024\\\/11\\\/Afbeelding4-1024x557.jpg\"},{\"@type\":\"BreadcrumbList\",\"@id\":\"https:\\\/\\\/www.ag-tec.be\\\/fr\\\/night-edition\\\/#breadcrumb\",\"itemListElement\":[{\"@type\":\"ListItem\",\"position\":1,\"name\":\"Home\",\"item\":\"https:\\\/\\\/www.ag-tec.be\\\/fr\\\/\"},{\"@type\":\"ListItem\",\"position\":2,\"name\":\"Night Edition\"}]},{\"@type\":\"WebSite\",\"@id\":\"https:\\\/\\\/www.ag-tec.be\\\/fr\\\/#website\",\"url\":\"https:\\\/\\\/www.ag-tec.be\\\/fr\\\/\",\"name\":\"AG-TEC\",\"description\":\"CLAAS Belgium\",\"publisher\":{\"@id\":\"https:\\\/\\\/www.ag-tec.be\\\/fr\\\/#organization\"},\"potentialAction\":[{\"@type\":\"SearchAction\",\"target\":{\"@type\":\"EntryPoint\",\"urlTemplate\":\"https:\\\/\\\/www.ag-tec.be\\\/fr\\\/?s={search_term_string}\"},\"query-input\":{\"@type\":\"PropertyValueSpecification\",\"valueRequired\":true,\"valueName\":\"search_term_string\"}}],\"inLanguage\":\"fr-FR\"},{\"@type\":\"Organization\",\"@id\":\"https:\\\/\\\/www.ag-tec.be\\\/fr\\\/#organization\",\"name\":\"AG-TEC\",\"url\":\"https:\\\/\\\/www.ag-tec.be\\\/fr\\\/\",\"logo\":{\"@type\":\"ImageObject\",\"inLanguage\":\"fr-FR\",\"@id\":\"https:\\\/\\\/www.ag-tec.be\\\/fr\\\/#\\\/schema\\\/logo\\\/image\\\/\",\"url\":\"https:\\\/\\\/www.ag-tec.be\\\/wp-content\\\/uploads\\\/2017\\\/06\\\/AG-TEC-Logo-340p-e1497941604776.jpg\",\"contentUrl\":\"https:\\\/\\\/www.ag-tec.be\\\/wp-content\\\/uploads\\\/2017\\\/06\\\/AG-TEC-Logo-340p-e1497941604776.jpg\",\"width\":200,\"height\":55,\"caption\":\"AG-TEC\"},\"image\":{\"@id\":\"https:\\\/\\\/www.ag-tec.be\\\/fr\\\/#\\\/schema\\\/logo\\\/image\\\/\"}}]}<\/script>\n<!-- \/ Yoast SEO plugin. -->","yoast_head_json":{"title":"Night Edition &#8212; AG-TEC","robots":{"index":"index","follow":"follow","max-snippet":"max-snippet:-1","max-image-preview":"max-image-preview:large","max-video-preview":"max-video-preview:-1"},"canonical":"https:\/\/www.ag-tec.be\/fr\/night-edition\/","og_locale":"fr_FR","og_type":"article","og_title":"Night Edition &#8212; AG-TEC","og_url":"https:\/\/www.ag-tec.be\/fr\/night-edition\/","og_site_name":"AG-TEC","article_modified_time":"2024-11-26T15:53:03+00:00","og_image":[{"url":"https:\/\/www.kampsdewild.nl\/wp-content\/uploads\/2024\/11\/Afbeelding4-1024x557.jpg","type":"","width":"","height":""}],"twitter_card":"summary_large_image","twitter_misc":{"Dur\u00e9e de lecture estim\u00e9e":"3 minutes"},"schema":{"@context":"https:\/\/schema.org","@graph":[{"@type":"WebPage","@id":"https:\/\/www.ag-tec.be\/fr\/night-edition\/","url":"https:\/\/www.ag-tec.be\/fr\/night-edition\/","name":"Night Edition &#8212; AG-TEC","isPartOf":{"@id":"https:\/\/www.ag-tec.be\/fr\/#website"},"primaryImageOfPage":{"@id":"https:\/\/www.ag-tec.be\/fr\/night-edition\/#primaryimage"},"image":{"@id":"https:\/\/www.ag-tec.be\/fr\/night-edition\/#primaryimage"},"thumbnailUrl":"https:\/\/www.kampsdewild.nl\/wp-content\/uploads\/2024\/11\/Afbeelding4-1024x557.jpg","datePublished":"2024-11-26T14:00:24+00:00","dateModified":"2024-11-26T15:53:03+00:00","breadcrumb":{"@id":"https:\/\/www.ag-tec.be\/fr\/night-edition\/#breadcrumb"},"inLanguage":"fr-FR","potentialAction":[{"@type":"ReadAction","target":["https:\/\/www.ag-tec.be\/fr\/night-edition\/"]}]},{"@type":"ImageObject","inLanguage":"fr-FR","@id":"https:\/\/www.ag-tec.be\/fr\/night-edition\/#primaryimage","url":"https:\/\/www.kampsdewild.nl\/wp-content\/uploads\/2024\/11\/Afbeelding4-1024x557.jpg","contentUrl":"https:\/\/www.kampsdewild.nl\/wp-content\/uploads\/2024\/11\/Afbeelding4-1024x557.jpg"},{"@type":"BreadcrumbList","@id":"https:\/\/www.ag-tec.be\/fr\/night-edition\/#breadcrumb","itemListElement":[{"@type":"ListItem","position":1,"name":"Home","item":"https:\/\/www.ag-tec.be\/fr\/"},{"@type":"ListItem","position":2,"name":"Night Edition"}]},{"@type":"WebSite","@id":"https:\/\/www.ag-tec.be\/fr\/#website","url":"https:\/\/www.ag-tec.be\/fr\/","name":"AG-TEC","description":"CLAAS Belgium","publisher":{"@id":"https:\/\/www.ag-tec.be\/fr\/#organization"},"potentialAction":[{"@type":"SearchAction","target":{"@type":"EntryPoint","urlTemplate":"https:\/\/www.ag-tec.be\/fr\/?s={search_term_string}"},"query-input":{"@type":"PropertyValueSpecification","valueRequired":true,"valueName":"search_term_string"}}],"inLanguage":"fr-FR"},{"@type":"Organization","@id":"https:\/\/www.ag-tec.be\/fr\/#organization","name":"AG-TEC","url":"https:\/\/www.ag-tec.be\/fr\/","logo":{"@type":"ImageObject","inLanguage":"fr-FR","@id":"https:\/\/www.ag-tec.be\/fr\/#\/schema\/logo\/image\/","url":"https:\/\/www.ag-tec.be\/wp-content\/uploads\/2017\/06\/AG-TEC-Logo-340p-e1497941604776.jpg","contentUrl":"https:\/\/www.ag-tec.be\/wp-content\/uploads\/2017\/06\/AG-TEC-Logo-340p-e1497941604776.jpg","width":200,"height":55,"caption":"AG-TEC"},"image":{"@id":"https:\/\/www.ag-tec.be\/fr\/#\/schema\/logo\/image\/"}}]}},"_links":{"self":[{"href":"https:\/\/www.ag-tec.be\/fr\/wp-json\/wp\/v2\/pages\/15810","targetHints":{"allow":["GET"]}}],"collection":[{"href":"https:\/\/www.ag-tec.be\/fr\/wp-json\/wp\/v2\/pages"}],"about":[{"href":"https:\/\/www.ag-tec.be\/fr\/wp-json\/wp\/v2\/types\/page"}],"author":[{"embeddable":true,"href":"https:\/\/www.ag-tec.be\/fr\/wp-json\/wp\/v2\/users\/25"}],"replies":[{"embeddable":true,"href":"https:\/\/www.ag-tec.be\/fr\/wp-json\/wp\/v2\/comments?post=15810"}],"version-history":[{"count":0,"href":"https:\/\/www.ag-tec.be\/fr\/wp-json\/wp\/v2\/pages\/15810\/revisions"}],"wp:attachment":[{"href":"https:\/\/www.ag-tec.be\/fr\/wp-json\/wp\/v2\/media?parent=15810"}],"curies":[{"name":"wp","href":"https:\/\/api.w.org\/{rel}","templated":true}]}}